{"id":440,"date":"2024-07-22T09:36:05","date_gmt":"2024-07-22T09:36:05","guid":{"rendered":"https:\/\/beautystudiolora.hr\/?page_id=440"},"modified":"2024-07-23T11:21:22","modified_gmt":"2024-07-23T11:21:22","slug":"edukacija-obrve","status":"publish","type":"page","link":"https:\/\/beautystudiolora.hr\/index.php\/edukacije\/edukacija-obrve\/","title":{"rendered":"Edukacija obrve"},"content":{"rendered":"\n<div class=\"wp-block-group alignfull is-layout-flow wp-block-group-is-layout-flow\">\n<div class=\"wp-block-group alignfull has-mono-4-background-color has-background has-global-padding is-layout-constrained wp-container-core-group-is-layout-c04e92c2 wp-block-group-is-layout-constrained\" style=\"padding-top:var(--wp--preset--spacing--superbspacing-xxlarge);padding-right:var(--wp--preset--spacing--superbspacing-small);padding-bottom:var(--wp--preset--spacing--superbspacing-xxlarge);padding-left:var(--wp--preset--spacing--superbspacing-small)\">\n<div class=\"wp-block-columns alignwide has-border-color has-mono-3-border-color has-base-background-color has-background is-layout-flex wp-container-core-columns-is-layout-314015f6 wp-block-columns-is-layout-flex\" style=\"border-width:1px;border-radius:16px;padding-top:var(--wp--preset--spacing--superbspacing-small);padding-right:var(--wp--preset--spacing--superbspacing-small);padding-bottom:var(--wp--preset--spacing--superbspacing-small);padding-left:var(--wp--preset--spacing--superbspacing-small)\">\n<div class=\"wp-block-column is-vertically-aligned-center is-layout-flow wp-container-core-column-is-layout-30be4402 wp-block-column-is-layout-flow\">\n<div class=\"wp-block-group has-global-padding is-layout-constrained wp-container-core-group-is-layout-d598ad9d wp-block-group-is-layout-constrained\">\n<h3 class=\"wp-block-heading has-text-align-left has-text-color has-link-color has-superbfont-large-font-size wp-elements-06a73cd46e14ea8be6d6cf99b328b82f\" style=\"color:#d5c1ae\">Brow lift &amp; oblikovanje<\/h3>\n\n\n\n<p class=\"has-text-align-left has-secondary-color has-text-color has-superbfont-small-font-size\"><br>Namjenjeno po\u010detnicima kao i polaznicima s iskustvom koji \u017eele nadograditi svoje znanje.<\/p>\n\n\n\n<p>TRAJANJE: Jednodnevna edukacija<\/p>\n\n\n\n<p>Teorijski dio 1,5h.<\/p>\n\n\n\n<p>Prakti\u010dni dio 2-4h.<\/p>\n\n\n\n<p>CIJENA: 230\u20ac<\/p>\n\n\n\n<p>Kod oblikovanja obrva u\u010dimo tehnike \u010dupanja pincetom, voskom i koncem. U\u010dimo kako pravilno odrediti oblik obrve te kako posti\u0107i pravilnost i simetriju.<\/p>\n\n\n\n<p>U CIJENU EDUKACIJE SU UKLJU\u010cENI MODELI, SKRIPTA SA TEORIJOM I DETALJNIM UPUTAMA ZA IZVO\u0110ENJE TRETMANA, DIPLOMA, SAV PRIBOR ZA RAD<\/p>\n\n\n\n<p>Po zavr\u0161etku edukcijskog programa polaznik\/ca dobiva certifikat.<\/p>\n\n\n\n<p>Modeli su osigurani.<\/p>\n<\/div>\n\n\n\n<div class=\"wp-block-buttons is-layout-flex wp-block-buttons-is-layout-flex\">\n<div class=\"wp-block-button\"><a class=\"wp-block-button__link has-background wp-element-button\" href=\"https:\/\/beautystudiolora.hr\/index.php\/kontakt\/\" style=\"background-color:#d5c1ae\">KONTAKT<\/a><\/div>\n<\/div>\n<\/div>\n\n\n\n<div class=\"wp-block-column is-vertically-aligned-center is-layout-flow wp-container-core-column-is-layout-40a2a7e8 wp-block-column-is-layout-flow\" style=\"padding-right:0;padding-bottom:0;padding-left:0\">\n<figure class=\"wp-block-image size-large has-custom-border wp-duotone-unset-1\"><img loading=\"lazy\" decoding=\"async\" width=\"819\" height=\"1024\" src=\"https:\/\/beautystudiolora.hr\/wp-content\/uploads\/2024\/07\/lash3-819x1024.jpeg\" alt=\"\" class=\"wp-image-352\" style=\"border-radius:12px\" srcset=\"https:\/\/beautystudiolora.hr\/wp-content\/uploads\/2024\/07\/lash3-819x1024.jpeg 819w, https:\/\/beautystudiolora.hr\/wp-content\/uploads\/2024\/07\/lash3-240x300.jpeg 240w, https:\/\/beautystudiolora.hr\/wp-content\/uploads\/2024\/07\/lash3-768x960.jpeg 768w, https:\/\/beautystudiolora.hr\/wp-content\/uploads\/2024\/07\/lash3-1229x1536.jpeg 1229w, https:\/\/beautystudiolora.hr\/wp-content\/uploads\/2024\/07\/lash3.jpeg 1351w\" sizes=\"auto, (max-width: 819px) 100vw, 819px\" \/><\/figure>\n<\/div>\n<\/div>\n<\/div>\n<\/div>\n","protected":false},"excerpt":{"rendered":"<p>Brow lift &amp; oblikovanje Namjenjeno po\u010detnicima kao i polaznicima s iskustvom koji \u017eele nadograditi svoje znanje. TRAJANJE: Jednodnevna edukacija Teorijski dio 1,5h. Prakti\u010dni dio 2-4h. CIJENA: 230\u20ac Kod oblikovanja obrva u\u010dimo tehnike \u010dupanja pincetom, voskom i koncem. U\u010dimo kako pravilno odrediti oblik obrve te kako posti\u0107i pravilnost i simetriju. U CIJENU EDUKACIJE SU UKLJU\u010cENI MODELI, [&hellip;]<\/p>\n","protected":false},"author":1,"featured_media":0,"parent":265,"menu_order":0,"comment_status":"closed","ping_status":"closed","template":"","meta":{"ngg_post_thumbnail":0,"_joinchat":[],"footnotes":""},"class_list":["post-440","page","type-page","status-publish","hentry"],"_links":{"self":[{"href":"https:\/\/beautystudiolora.hr\/index.php\/wp-json\/wp\/v2\/pages\/440","targetHints":{"allow":["GET"]}}],"collection":[{"href":"https:\/\/beautystudiolora.hr\/index.php\/wp-json\/wp\/v2\/pages"}],"about":[{"href":"https:\/\/beautystudiolora.hr\/index.php\/wp-json\/wp\/v2\/types\/page"}],"author":[{"embeddable":true,"href":"https:\/\/beautystudiolora.hr\/index.php\/wp-json\/wp\/v2\/users\/1"}],"replies":[{"embeddable":true,"href":"https:\/\/beautystudiolora.hr\/index.php\/wp-json\/wp\/v2\/comments?post=440"}],"version-history":[{"count":4,"href":"https:\/\/beautystudiolora.hr\/index.php\/wp-json\/wp\/v2\/pages\/440\/revisions"}],"predecessor-version":[{"id":465,"href":"https:\/\/beautystudiolora.hr\/index.php\/wp-json\/wp\/v2\/pages\/440\/revisions\/465"}],"up":[{"embeddable":true,"href":"https:\/\/beautystudiolora.hr\/index.php\/wp-json\/wp\/v2\/pages\/265"}],"wp:attachment":[{"href":"https:\/\/beautystudiolora.hr\/index.php\/wp-json\/wp\/v2\/media?parent=440"}],"curies":[{"name":"wp","href":"https:\/\/api.w.org\/{rel}","templated":true}]}}