{"id":438,"date":"2024-07-22T09:35:57","date_gmt":"2024-07-22T09:35:57","guid":{"rendered":"https:\/\/beautystudiolora.hr\/?page_id=438"},"modified":"2024-07-23T11:15:54","modified_gmt":"2024-07-23T11:15:54","slug":"edukacija-trepavice","status":"publish","type":"page","link":"https:\/\/beautystudiolora.hr\/index.php\/edukacije\/edukacija-trepavice\/","title":{"rendered":"Edukacija Trepavice"},"content":{"rendered":"\n<div class=\"wp-block-group alignfull is-layout-flow wp-block-group-is-layout-flow\">\n<div class=\"wp-block-group alignfull has-mono-4-background-color has-background has-global-padding is-layout-constrained wp-container-core-group-is-layout-c04e92c2 wp-block-group-is-layout-constrained\" style=\"padding-top:var(--wp--preset--spacing--superbspacing-xxlarge);padding-right:var(--wp--preset--spacing--superbspacing-small);padding-bottom:var(--wp--preset--spacing--superbspacing-xxlarge);padding-left:var(--wp--preset--spacing--superbspacing-small)\">\n<div class=\"wp-block-columns alignwide has-border-color has-mono-3-border-color has-base-background-color has-background is-layout-flex wp-container-core-columns-is-layout-314015f6 wp-block-columns-is-layout-flex\" style=\"border-width:1px;border-radius:16px;padding-top:var(--wp--preset--spacing--superbspacing-small);padding-right:var(--wp--preset--spacing--superbspacing-small);padding-bottom:var(--wp--preset--spacing--superbspacing-small);padding-left:var(--wp--preset--spacing--superbspacing-small)\">\n<div class=\"wp-block-column is-vertically-aligned-center is-layout-flow wp-container-core-column-is-layout-30be4402 wp-block-column-is-layout-flow\">\n<div class=\"wp-block-group has-global-padding is-layout-constrained wp-container-core-group-is-layout-d598ad9d wp-block-group-is-layout-constrained\">\n<h3 class=\"wp-block-heading has-text-align-left has-text-color has-link-color has-superbfont-large-font-size wp-elements-5ae37c20c695f631d2685902f2af5998\" style=\"color:#d5c1ae\">Lash lift<\/h3>\n\n\n\n<p class=\"has-text-align-left has-secondary-color has-text-color has-superbfont-small-font-size\"><br>Namjenjeno po\u010detnicima kao i polaznicima s iskustvom koji \u017eele nadograditi svoje znanje.<\/p>\n\n\n\n<p>TRAJANJE: Jednodnevna edukacija<\/p>\n\n\n\n<p>Teorijski dio 1,5h.<\/p>\n\n\n\n<p>Prakti\u010dni dio 2-4h.<\/p>\n\n\n\n<p>CIJENA: 230\u20ac<\/p>\n\n\n\n<p>Na edukaciji se koriste materijali najvi\u0161e kvalitete &#8211; INLEI LASH FILLER<\/p>\n\n\n\n<p>U cijenu edukacije su uklju\u010deni modeli, skripta sa teorijom i detaljnim uputama za izvo\u0111enje tretmana, diploma, sav pribor za rad<\/p>\n<\/div>\n\n\n\n<div class=\"wp-block-buttons is-layout-flex wp-block-buttons-is-layout-flex\">\n<div class=\"wp-block-button\"><a class=\"wp-block-button__link has-background wp-element-button\" href=\"https:\/\/beautystudiolora.hr\/index.php\/kontakt\/\" style=\"background-color:#d5c1ae\">KONTAKT<\/a><\/div>\n<\/div>\n<\/div>\n\n\n\n<div class=\"wp-block-column is-vertically-aligned-center is-layout-flow wp-container-core-column-is-layout-40a2a7e8 wp-block-column-is-layout-flow\" style=\"padding-right:0;padding-bottom:0;padding-left:0\">\n<figure class=\"wp-block-image size-large has-custom-border wp-duotone-unset-1\"><img loading=\"lazy\" decoding=\"async\" width=\"937\" height=\"1024\" src=\"https:\/\/beautystudiolora.hr\/wp-content\/uploads\/2024\/07\/trep-1-937x1024.jpeg\" alt=\"\" class=\"wp-image-206\" style=\"border-radius:12px\" srcset=\"https:\/\/beautystudiolora.hr\/wp-content\/uploads\/2024\/07\/trep-1-937x1024.jpeg 937w, https:\/\/beautystudiolora.hr\/wp-content\/uploads\/2024\/07\/trep-1-275x300.jpeg 275w, https:\/\/beautystudiolora.hr\/wp-content\/uploads\/2024\/07\/trep-1-768x839.jpeg 768w, https:\/\/beautystudiolora.hr\/wp-content\/uploads\/2024\/07\/trep-1.jpeg 1310w\" sizes=\"auto, (max-width: 937px) 100vw, 937px\" \/><\/figure>\n<\/div>\n<\/div>\n<\/div>\n\n\n\n<div class=\"wp-block-group alignfull is-layout-flow wp-block-group-is-layout-flow\">\n<div class=\"wp-block-group alignfull has-mono-4-background-color has-background has-global-padding is-layout-constrained wp-container-core-group-is-layout-c04e92c2 wp-block-group-is-layout-constrained\" style=\"padding-top:var(--wp--preset--spacing--superbspacing-xxlarge);padding-right:var(--wp--preset--spacing--superbspacing-small);padding-bottom:var(--wp--preset--spacing--superbspacing-xxlarge);padding-left:var(--wp--preset--spacing--superbspacing-small)\">\n<div class=\"wp-block-columns alignwide has-border-color has-mono-3-border-color has-base-background-color has-background is-layout-flex wp-container-core-columns-is-layout-314015f6 wp-block-columns-is-layout-flex\" style=\"border-width:1px;border-radius:16px;padding-top:var(--wp--preset--spacing--superbspacing-small);padding-right:var(--wp--preset--spacing--superbspacing-small);padding-bottom:var(--wp--preset--spacing--superbspacing-small);padding-left:var(--wp--preset--spacing--superbspacing-small)\">\n<div class=\"wp-block-column is-vertically-aligned-center is-layout-flow wp-container-core-column-is-layout-30be4402 wp-block-column-is-layout-flow\">\n<div class=\"wp-block-group has-global-padding is-layout-constrained wp-container-core-group-is-layout-d598ad9d wp-block-group-is-layout-constrained\">\n<h3 class=\"wp-block-heading has-text-align-left has-text-color has-link-color has-superbfont-large-font-size wp-elements-8b6d62c4b069764486e771596b8faa52\" style=\"color:#d5c1ae\">Ekstenzije trepavica base level 1 &amp; level 2<\/h3>\n\n\n\n<p class=\"has-text-align-left has-secondary-color has-text-color has-superbfont-small-font-size\"><br>Namjenjeno po\u010detnicima kao i polaznicima s iskustvom koji \u017eele nadograditi svoje znanje.<\/p>\n\n\n\n<p>TRAJANJE: Teorijski dio-1,5h<\/p>\n\n\n\n<p>Prakti\u010dni dio<\/p>\n\n\n\n<p>jedan level= jedan dan= (koliko je potrebno h)<\/p>\n\n\n\n<p>CIJENA:<\/p>\n\n\n\n<p>BASE COURSE edukacija LEVEL1&amp;LEVEL2 (dvodnevna) 500\u20ac<\/p>\n\n\n\n<p>-level 1. ugradnja individualnih trepavica (jednodnevna) 300\u20ac<\/p>\n\n\n\n<p>-level 2. ugradnja volumenskih trepavica(jednodnevna) 300\u20ac<\/p>\n\n\n\n<p>-level 3. usavr\u0161avanje (dodatne tehnike) 200\u20ac<\/p>\n\n\n\n<p>Po zavr\u0161etku edukcijskog programa polaznik\/ca dobiva certifikat za svaki zavr\u0161eni level.<\/p>\n\n\n\n<p>Modeli su osigurani.<\/p>\n<\/div>\n\n\n\n<div class=\"wp-block-buttons is-layout-flex wp-block-buttons-is-layout-flex\">\n<div class=\"wp-block-button\"><a class=\"wp-block-button__link has-background wp-element-button\" href=\"https:\/\/beautystudiolora.hr\/index.php\/kontakt\/\" style=\"background-color:#d5c1ae\">KONTAKT<\/a><\/div>\n<\/div>\n<\/div>\n\n\n\n<div class=\"wp-block-column is-vertically-aligned-center is-layout-flow wp-container-core-column-is-layout-40a2a7e8 wp-block-column-is-layout-flow\" style=\"padding-right:0;padding-bottom:0;padding-left:0\">\n<figure class=\"wp-block-image size-large has-custom-border wp-duotone-unset-2\"><img loading=\"lazy\" decoding=\"async\" width=\"891\" height=\"1024\" src=\"https:\/\/beautystudiolora.hr\/wp-content\/uploads\/2024\/07\/trepavice4-891x1024.jpeg\" alt=\"\" class=\"wp-image-402\" style=\"border-radius:12px\" srcset=\"https:\/\/beautystudiolora.hr\/wp-content\/uploads\/2024\/07\/trepavice4-891x1024.jpeg 891w, https:\/\/beautystudiolora.hr\/wp-content\/uploads\/2024\/07\/trepavice4-261x300.jpeg 261w, https:\/\/beautystudiolora.hr\/wp-content\/uploads\/2024\/07\/trepavice4-768x883.jpeg 768w, https:\/\/beautystudiolora.hr\/wp-content\/uploads\/2024\/07\/trepavice4.jpeg 1118w\" sizes=\"auto, (max-width: 891px) 100vw, 891px\" \/><\/figure>\n<\/div>\n<\/div>\n<\/div>\n<\/div>\n<\/div>\n","protected":false},"excerpt":{"rendered":"<p>Lash lift Namjenjeno po\u010detnicima kao i polaznicima s iskustvom koji \u017eele nadograditi svoje znanje. TRAJANJE: Jednodnevna edukacija Teorijski dio 1,5h. Prakti\u010dni dio 2-4h. CIJENA: 230\u20ac Na edukaciji se koriste materijali najvi\u0161e kvalitete &#8211; INLEI LASH FILLER U cijenu edukacije su uklju\u010deni modeli, skripta sa teorijom i detaljnim uputama za izvo\u0111enje tretmana, diploma, sav pribor za [&hellip;]<\/p>\n","protected":false},"author":1,"featured_media":0,"parent":265,"menu_order":0,"comment_status":"closed","ping_status":"closed","template":"","meta":{"ngg_post_thumbnail":0,"_joinchat":[],"footnotes":""},"class_list":["post-438","page","type-page","status-publish","hentry"],"_links":{"self":[{"href":"https:\/\/beautystudiolora.hr\/index.php\/wp-json\/wp\/v2\/pages\/438","targetHints":{"allow":["GET"]}}],"collection":[{"href":"https:\/\/beautystudiolora.hr\/index.php\/wp-json\/wp\/v2\/pages"}],"about":[{"href":"https:\/\/beautystudiolora.hr\/index.php\/wp-json\/wp\/v2\/types\/page"}],"author":[{"embeddable":true,"href":"https:\/\/beautystudiolora.hr\/index.php\/wp-json\/wp\/v2\/users\/1"}],"replies":[{"embeddable":true,"href":"https:\/\/beautystudiolora.hr\/index.php\/wp-json\/wp\/v2\/comments?post=438"}],"version-history":[{"count":3,"href":"https:\/\/beautystudiolora.hr\/index.php\/wp-json\/wp\/v2\/pages\/438\/revisions"}],"predecessor-version":[{"id":462,"href":"https:\/\/beautystudiolora.hr\/index.php\/wp-json\/wp\/v2\/pages\/438\/revisions\/462"}],"up":[{"embeddable":true,"href":"https:\/\/beautystudiolora.hr\/index.php\/wp-json\/wp\/v2\/pages\/265"}],"wp:attachment":[{"href":"https:\/\/beautystudiolora.hr\/index.php\/wp-json\/wp\/v2\/media?parent=438"}],"curies":[{"name":"wp","href":"https:\/\/api.w.org\/{rel}","templated":true}]}}