{"id":436,"date":"2024-07-22T09:35:32","date_gmt":"2024-07-22T09:35:32","guid":{"rendered":"https:\/\/beautystudiolora.hr\/?page_id=436"},"modified":"2024-07-22T10:42:33","modified_gmt":"2024-07-22T10:42:33","slug":"edukacija-sminkanje","status":"publish","type":"page","link":"https:\/\/beautystudiolora.hr\/index.php\/edukacije\/edukacija-sminkanje\/","title":{"rendered":"Edukacija \u0161minkanje"},"content":{"rendered":"\n<div class=\"wp-block-group alignfull is-layout-flow wp-block-group-is-layout-flow\">\n<div class=\"wp-block-group alignfull has-mono-4-background-color has-background has-global-padding is-layout-constrained wp-container-core-group-is-layout-c04e92c2 wp-block-group-is-layout-constrained\" style=\"padding-top:var(--wp--preset--spacing--superbspacing-xxlarge);padding-right:var(--wp--preset--spacing--superbspacing-small);padding-bottom:var(--wp--preset--spacing--superbspacing-xxlarge);padding-left:var(--wp--preset--spacing--superbspacing-small)\">\n<div class=\"wp-block-columns alignwide has-border-color has-mono-3-border-color has-base-background-color has-background is-layout-flex wp-container-core-columns-is-layout-314015f6 wp-block-columns-is-layout-flex\" style=\"border-width:1px;border-radius:16px;padding-top:var(--wp--preset--spacing--superbspacing-small);padding-right:var(--wp--preset--spacing--superbspacing-small);padding-bottom:var(--wp--preset--spacing--superbspacing-small);padding-left:var(--wp--preset--spacing--superbspacing-small)\">\n<div class=\"wp-block-column is-vertically-aligned-center is-layout-flow wp-container-core-column-is-layout-30be4402 wp-block-column-is-layout-flow\">\n<div class=\"wp-block-group has-global-padding is-layout-constrained wp-container-core-group-is-layout-d598ad9d wp-block-group-is-layout-constrained\">\n<h3 class=\"wp-block-heading has-text-align-left has-text-color has-link-color has-superbfont-large-font-size wp-elements-24d14f5cf31f16e56553baf1a1a391bd\" style=\"color:#d5c1ae\">Na\u0161minkaj se sama<\/h3>\n\n\n\n<p class=\"has-text-align-left has-secondary-color has-text-color has-superbfont-small-font-size\">Namjenjeno svima koji \u017eele usavr\u0161iti tehnike \u0161minkanja za osobne potrebe.<\/p>\n\n\n\n<p>TRAJANJE: Jednodnevna edukacija u trajanju od 5h.<\/p>\n\n\n\n<p>Teorijski dio-1h.<\/p>\n\n\n\n<p>Prakti\u010dni rad u\u017eivo-4h.<\/p>\n\n\n\n<p>CIJENA: 100\u20ac<\/p>\n\n\n\n<p>Po zavr\u0161etku edukacije dobivate listu svih drogerijskih i high end proizvoda koji su pogodni za va\u0161e lice kako bi izbjegli nepotrebno tro\u0161enje na proizvode koji Vam ne\u0107e odgovarati.<\/p>\n<\/div>\n\n\n\n<div class=\"wp-block-buttons is-layout-flex wp-block-buttons-is-layout-flex\">\n<div class=\"wp-block-button\"><a class=\"wp-block-button__link has-background wp-element-button\" href=\"https:\/\/beautystudiolora.hr\/index.php\/kontakt\/\" style=\"background-color:#d5c1ae\">KONTAKT<\/a><\/div>\n<\/div>\n<\/div>\n\n\n\n<div class=\"wp-block-column is-vertically-aligned-center is-layout-flow wp-container-core-column-is-layout-40a2a7e8 wp-block-column-is-layout-flow\" style=\"padding-right:0;padding-bottom:0;padding-left:0\">\n<figure class=\"wp-block-image size-large has-custom-border wp-duotone-unset-1\"><img loading=\"lazy\" decoding=\"async\" width=\"1024\" height=\"1024\" src=\"https:\/\/beautystudiolora.hr\/wp-content\/uploads\/2024\/07\/makeup-1-1024x1024.jpeg\" alt=\"\" class=\"wp-image-198\" style=\"border-radius:12px\" srcset=\"https:\/\/beautystudiolora.hr\/wp-content\/uploads\/2024\/07\/makeup-1-1024x1024.jpeg 1024w, https:\/\/beautystudiolora.hr\/wp-content\/uploads\/2024\/07\/makeup-1-300x300.jpeg 300w, https:\/\/beautystudiolora.hr\/wp-content\/uploads\/2024\/07\/makeup-1-150x150.jpeg 150w, https:\/\/beautystudiolora.hr\/wp-content\/uploads\/2024\/07\/makeup-1-768x768.jpeg 768w, https:\/\/beautystudiolora.hr\/wp-content\/uploads\/2024\/07\/makeup-1.jpeg 1440w\" sizes=\"auto, (max-width: 1024px) 100vw, 1024px\" \/><\/figure>\n<\/div>\n<\/div>\n<\/div>\n\n\n\n<div class=\"wp-block-group alignfull is-layout-flow wp-block-group-is-layout-flow\">\n<div class=\"wp-block-group alignfull has-mono-4-background-color has-background has-global-padding is-layout-constrained wp-container-core-group-is-layout-c04e92c2 wp-block-group-is-layout-constrained\" style=\"padding-top:var(--wp--preset--spacing--superbspacing-xxlarge);padding-right:var(--wp--preset--spacing--superbspacing-small);padding-bottom:var(--wp--preset--spacing--superbspacing-xxlarge);padding-left:var(--wp--preset--spacing--superbspacing-small)\">\n<div class=\"wp-block-columns alignwide has-border-color has-mono-3-border-color has-base-background-color has-background is-layout-flex wp-container-core-columns-is-layout-314015f6 wp-block-columns-is-layout-flex\" style=\"border-width:1px;border-radius:16px;padding-top:var(--wp--preset--spacing--superbspacing-small);padding-right:var(--wp--preset--spacing--superbspacing-small);padding-bottom:var(--wp--preset--spacing--superbspacing-small);padding-left:var(--wp--preset--spacing--superbspacing-small)\">\n<div class=\"wp-block-column is-vertically-aligned-center is-layout-flow wp-container-core-column-is-layout-30be4402 wp-block-column-is-layout-flow\">\n<div class=\"wp-block-group has-global-padding is-layout-constrained wp-container-core-group-is-layout-d598ad9d wp-block-group-is-layout-constrained\">\n<h3 class=\"wp-block-heading has-text-align-left has-superbfont-large-font-size\">Basic course<\/h3>\n\n\n\n<p class=\"has-text-align-left has-secondary-color has-text-color has-superbfont-small-font-size\">Namjenjeno onima koji \u017eele zapo\u010deti sa radom te im je potrebno vi\u0161e pa\u017enje edukatora i \u017eele nau\u010diti ba\u0161 sve.<\/p>\n\n\n\n<p>TRAJANJE: Teorijski dio 2h.<\/p>\n\n\n\n<p>Prakti\u010dni dio 17h.<\/p>\n\n\n\n<p>Trajanje edukacije u danima- po dogovoru.<\/p>\n\n\n\n<p> CIJENA:500\u20ac<\/p>\n\n\n\n<p>Po zavr\u0161etku edukcijskog programa polaznik\/ca dobiva certifikat.<\/p>\n\n\n\n<p>Modeli su osigurani.<\/p>\n<\/div>\n\n\n\n<div class=\"wp-block-buttons is-layout-flex wp-block-buttons-is-layout-flex\">\n<div class=\"wp-block-button\"><a class=\"wp-block-button__link has-background wp-element-button\" href=\"https:\/\/beautystudiolora.hr\/index.php\/kontakt\/\" style=\"background-color:#d5c1ae\">kontakt<\/a><\/div>\n<\/div>\n<\/div>\n\n\n\n<div class=\"wp-block-column is-vertically-aligned-center is-layout-flow wp-container-core-column-is-layout-40a2a7e8 wp-block-column-is-layout-flow\" style=\"padding-right:0;padding-bottom:0;padding-left:0\">\n<figure class=\"wp-block-image size-large has-custom-border wp-duotone-unset-2\"><img loading=\"lazy\" decoding=\"async\" width=\"576\" height=\"1024\" src=\"https:\/\/beautystudiolora.hr\/wp-content\/uploads\/2024\/07\/Makeup-education1-576x1024.jpg\" alt=\"\" class=\"wp-image-238\" style=\"border-radius:12px\" srcset=\"https:\/\/beautystudiolora.hr\/wp-content\/uploads\/2024\/07\/Makeup-education1-576x1024.jpg 576w, https:\/\/beautystudiolora.hr\/wp-content\/uploads\/2024\/07\/Makeup-education1-169x300.jpg 169w, https:\/\/beautystudiolora.hr\/wp-content\/uploads\/2024\/07\/Makeup-education1-768x1365.jpg 768w, https:\/\/beautystudiolora.hr\/wp-content\/uploads\/2024\/07\/Makeup-education1-864x1536.jpg 864w, https:\/\/beautystudiolora.hr\/wp-content\/uploads\/2024\/07\/Makeup-education1-1152x2048.jpg 1152w, https:\/\/beautystudiolora.hr\/wp-content\/uploads\/2024\/07\/Makeup-education1-scaled.jpg 1440w\" sizes=\"auto, (max-width: 576px) 100vw, 576px\" \/><\/figure>\n<\/div>\n<\/div>\n<\/div>\n\n\n\n<div class=\"wp-block-group alignfull is-layout-flow wp-block-group-is-layout-flow\">\n<div class=\"wp-block-group alignfull has-mono-4-background-color has-background has-global-padding is-layout-constrained wp-container-core-group-is-layout-c04e92c2 wp-block-group-is-layout-constrained\" style=\"padding-top:var(--wp--preset--spacing--superbspacing-xxlarge);padding-right:var(--wp--preset--spacing--superbspacing-small);padding-bottom:var(--wp--preset--spacing--superbspacing-xxlarge);padding-left:var(--wp--preset--spacing--superbspacing-small)\">\n<div class=\"wp-block-columns alignwide has-border-color has-mono-3-border-color has-base-background-color has-background is-layout-flex wp-container-core-columns-is-layout-314015f6 wp-block-columns-is-layout-flex\" style=\"border-width:1px;border-radius:16px;padding-top:var(--wp--preset--spacing--superbspacing-small);padding-right:var(--wp--preset--spacing--superbspacing-small);padding-bottom:var(--wp--preset--spacing--superbspacing-small);padding-left:var(--wp--preset--spacing--superbspacing-small)\">\n<div class=\"wp-block-column is-vertically-aligned-center is-layout-flow wp-container-core-column-is-layout-30be4402 wp-block-column-is-layout-flow\">\n<div class=\"wp-block-group has-global-padding is-layout-constrained wp-container-core-group-is-layout-d598ad9d wp-block-group-is-layout-constrained\">\n<h3 class=\"wp-block-heading has-text-align-left has-superbfont-large-font-size\">Level up usavr\u0161avanje za \u0161minkere 1\/2\/3 dana<\/h3>\n\n\n\n<p class=\"has-text-align-left has-secondary-color has-text-color has-superbfont-small-font-size\">Namjenjeno svima koji se ve\u0107 bave \u0161minkanjem i imaju iskustva.<\/p>\n\n\n\n<p>TRAJANJE: Uvodni teorijski dio-1h.<\/p>\n\n\n\n<p>Jednodnevna edukacija u trajanju od 5h.<\/p>\n\n\n\n<p>Prakti\u010dni rad u\u017eivo popra\u010den teorijskim sadr\u017eajem-4h.<\/p>\n\n\n\n<p>Dvodnevna edukacija u trajanju od 9h.<\/p>\n\n\n\n<p>Prakti\u010dni rad u\u017eivo popra\u010den teorijskim sadr\u017eajem-<\/p>\n\n\n\n<p>1. dan 4h<\/p>\n\n\n\n<p>2. dan 4h<\/p>\n\n\n\n<p>Trodnevna edukacija u trajanju od 13h.<\/p>\n\n\n\n<p>Prakti\u010dni rad u\u017eivo popra\u010den teorijskim sadr\u017eajem<\/p>\n\n\n\n<p>1. dan 4h<\/p>\n\n\n\n<p>2. dan 4h<\/p>\n\n\n\n<p>3. dan 4h<\/p>\n\n\n\n<p>Po zavr\u0161etku edukcijskog programa polaznik\/ca dobiva certifikat.<\/p>\n\n\n\n<p>CIJENA:<\/p>\n\n\n\n<p>-jednodnevna 180\u20ac<\/p>\n\n\n\n<p>-dvodnevna 330\u20ac<\/p>\n\n\n\n<p>-trodnevna 480\u20ac<\/p>\n\n\n\n<p><\/p>\n<\/div>\n\n\n\n<div class=\"wp-block-buttons is-layout-flex wp-block-buttons-is-layout-flex\">\n<div class=\"wp-block-button\"><a class=\"wp-block-button__link has-background wp-element-button\" href=\"https:\/\/beautystudiolora.hr\/index.php\/kontakt\/\" style=\"background-color:#d5c1ae\">kontakt<\/a><\/div>\n<\/div>\n<\/div>\n\n\n\n<div class=\"wp-block-column is-vertically-aligned-center is-layout-flow wp-container-core-column-is-layout-40a2a7e8 wp-block-column-is-layout-flow\" style=\"padding-right:0;padding-bottom:0;padding-left:0\">\n<figure class=\"wp-block-image size-large has-custom-border wp-duotone-unset-3\"><img loading=\"lazy\" decoding=\"async\" width=\"576\" height=\"1024\" src=\"https:\/\/beautystudiolora.hr\/wp-content\/uploads\/2024\/07\/Makeup-education-576x1024.jpg\" alt=\"\" class=\"wp-image-237\" style=\"border-radius:12px\" srcset=\"https:\/\/beautystudiolora.hr\/wp-content\/uploads\/2024\/07\/Makeup-education-576x1024.jpg 576w, https:\/\/beautystudiolora.hr\/wp-content\/uploads\/2024\/07\/Makeup-education-169x300.jpg 169w, https:\/\/beautystudiolora.hr\/wp-content\/uploads\/2024\/07\/Makeup-education-768x1366.jpg 768w, https:\/\/beautystudiolora.hr\/wp-content\/uploads\/2024\/07\/Makeup-education-863x1536.jpg 863w, https:\/\/beautystudiolora.hr\/wp-content\/uploads\/2024\/07\/Makeup-education-1151x2048.jpg 1151w, https:\/\/beautystudiolora.hr\/wp-content\/uploads\/2024\/07\/Makeup-education.jpg 1376w\" sizes=\"auto, (max-width: 576px) 100vw, 576px\" \/><\/figure>\n<\/div>\n<\/div>\n<\/div>\n<\/div>\n<\/div>\n<\/div>\n","protected":false},"excerpt":{"rendered":"<p>Na\u0161minkaj se sama Namjenjeno svima koji \u017eele usavr\u0161iti tehnike \u0161minkanja za osobne potrebe. TRAJANJE: Jednodnevna edukacija u trajanju od 5h. Teorijski dio-1h. Prakti\u010dni rad u\u017eivo-4h. CIJENA: 100\u20ac Po zavr\u0161etku edukacije dobivate listu svih drogerijskih i high end proizvoda koji su pogodni za va\u0161e lice kako bi izbjegli nepotrebno tro\u0161enje na proizvode koji Vam ne\u0107e odgovarati. [&hellip;]<\/p>\n","protected":false},"author":1,"featured_media":0,"parent":265,"menu_order":0,"comment_status":"closed","ping_status":"closed","template":"","meta":{"ngg_post_thumbnail":0,"_joinchat":[],"footnotes":""},"class_list":["post-436","page","type-page","status-publish","hentry"],"_links":{"self":[{"href":"https:\/\/beautystudiolora.hr\/index.php\/wp-json\/wp\/v2\/pages\/436","targetHints":{"allow":["GET"]}}],"collection":[{"href":"https:\/\/beautystudiolora.hr\/index.php\/wp-json\/wp\/v2\/pages"}],"about":[{"href":"https:\/\/beautystudiolora.hr\/index.php\/wp-json\/wp\/v2\/types\/page"}],"author":[{"embeddable":true,"href":"https:\/\/beautystudiolora.hr\/index.php\/wp-json\/wp\/v2\/users\/1"}],"replies":[{"embeddable":true,"href":"https:\/\/beautystudiolora.hr\/index.php\/wp-json\/wp\/v2\/comments?post=436"}],"version-history":[{"count":3,"href":"https:\/\/beautystudiolora.hr\/index.php\/wp-json\/wp\/v2\/pages\/436\/revisions"}],"predecessor-version":[{"id":460,"href":"https:\/\/beautystudiolora.hr\/index.php\/wp-json\/wp\/v2\/pages\/436\/revisions\/460"}],"up":[{"embeddable":true,"href":"https:\/\/beautystudiolora.hr\/index.php\/wp-json\/wp\/v2\/pages\/265"}],"wp:attachment":[{"href":"https:\/\/beautystudiolora.hr\/index.php\/wp-json\/wp\/v2\/media?parent=436"}],"curies":[{"name":"wp","href":"https:\/\/api.w.org\/{rel}","templated":true}]}}