{"id":335,"date":"2024-07-08T11:12:47","date_gmt":"2024-07-08T11:12:47","guid":{"rendered":"https:\/\/beautystudiolora.hr\/?page_id=335"},"modified":"2024-09-11T07:47:39","modified_gmt":"2024-09-11T07:47:39","slug":"depilacije","status":"publish","type":"page","link":"https:\/\/beautystudiolora.hr\/index.php\/usluge\/depilacije\/","title":{"rendered":"DEPILACIJE"},"content":{"rendered":"\n<p class=\"has-text-color has-link-color wp-elements-60e81bc1dd90e92b4144d516a0dc2a7e\" style=\"color:#a59281\"><br>Depilacija voskom je odli\u010dna alternativa brijanju dla\u010dica, uklanjanju s kremama ili aparati\u0107ima. Depiliranje voskom namijenjeno je svim uzrastima, iako se preporu\u010duje s tretmanima zapo\u010deti u mla\u0111oj dobi, kada su dla\u010dice nje\u017enije i manje bolne za uklanjanje.<\/p>\n\n\n\n<p class=\"has-text-color has-link-color wp-elements-e3d54671cef9cf625694662846999dc5\" style=\"color:#a59281\">Depilacija voskom je bolja jer uklanja dla\u010dicu s korijenom. Kada se brijete, odre\u017eete samo vidljivi dio dlake, pa ve\u0107 nakon par sati mo\u017eete vidjeti kako opet po\u010dinje rasti. Depiliranje voskom zato je dugotrajnije i nakon nekog vremena dla\u010dice se prorijede i postanu tanje i mek\u0161e.<\/p>\n\n\n\n<p class=\"has-text-color has-link-color wp-elements-c1519d405e353d3f3831023567f564cc\" style=\"color:#a59281\">Depiliranje voskom posljednjih je godina postalo uobi\u010dajena praksa, uklanjaju se dla\u010dice s cijelog tijela, od nogu do nadusnice. Ako se pripremate na to prvi put, nekoliko stvari biste trebali znati.<\/p>\n\n\n\n<p class=\"has-text-color has-link-color wp-elements-540512975cbe0210faff8a5b08d820b9\" style=\"color:#a59281\"><strong>Pripreme za depilaciju<\/strong><\/p>\n\n\n\n<p class=\"has-text-color has-link-color wp-elements-3d686905fb7409749fda52f82bd7d316\" style=\"color:#a59281\">Prije depilacije svakako pregledajte ko\u017eu, ako postoje bilo kakvi upalni procesi, ranice i made\u017ei na ko\u017ei potrebno je obavijestiti kozmeti\u010dara kako bi adekvatno za\u0161titili i izbjegli to podru\u010dje.<\/p>\n\n\n\n<p class=\"has-text-color has-link-color wp-elements-407d14d6e7e289cbe85bf778d6a68fb5\" style=\"color:#a59281\">Napravite nje\u017ean piling dan ili dva prije depiliranja, ali presko\u010dite o\u0161tre pilinge na sami dan depilacije. Piling poma\u017ee vosku da se lak\u0161e zalijepi za dla\u010dice, a ne za sloj odumrlih stanica na ko\u017ei, ali tako\u0111er ako je prejaki mo\u017ee ko\u017eu u\u010diniti osjetljivijom na bolove. Grubi ru\u010dnik ili frotir rukavica savr\u0161eni su za nje\u017eni piling, ali ne trljajte previ\u0161e. Tako \u0107e te pomo\u0107i eventualnim uraslim dla\u010dicama da iza\u0111u na povr\u0161inu.<\/p>\n\n\n\n<p class=\"has-text-color has-link-color wp-elements-28280a8f88951ec5152fddd38c54875a\" style=\"color:#a59281\">Tako\u0111er pazite da vam ko\u017ea bude dobro hidratizirana za depilaciju jer se dla\u010dice lak\u0161e uklanjaju s hidratizirane ko\u017ee, ali nikako nemojte nanosit kreme, ulja ili losione na dan depilacije jer se voska ne lijepi na masnu ko\u017eu ili dla\u010dice.Ako radite depilaciju pazuha, nanesite dezodorans bez antiperspiranta jer \u0107e se dla\u010dice lak\u0161e ukloniti.<\/p>\n\n\n\n<p class=\"has-text-color has-link-color wp-elements-b9da8384938b860751f0cd9ca7356375\" style=\"color:#a59281\">Ako brinete zbog boli, sat vremena prije tretmana popijte tabletu protiv bolova. <\/p>\n\n\n\n<p class=\"has-text-color has-link-color wp-elements-f6bf38957eef6406e9aa7a010d8030d1\" style=\"color:#a59281\">Osigurajte apsolutnu \u010disto\u0107u dijela tijela koje \u017eelite depilirati pogotovo intimno podru\u010dje. Bez obzira ako ste do\u0161li upravo istu\u0161irani zamolite kozmeti\u010dara za kratki posjet toaletu i jo\u0161 jednom vla\u017enim maramicama prebri\u0161ite i osvje\u017eite podru\u010dje.<\/p>\n\n\n\n<p class=\"has-text-color has-link-color wp-elements-88a6e61b2a811acacf9bc38c1fd838c5\" style=\"color:#a59281\"><strong>Koliko \u010desto depilirati?<\/strong><\/p>\n\n\n\n<p class=\"has-text-color has-link-color wp-elements-836a1a4f97256b39f1a1ce723230c8f3\" style=\"color:#a59281\">Ako ste se obrijali trebate pri\u010dekati 10 \u2013 14 dana prije depilacije voskom. Ovisno o tome koliko vam brzo rastu dla\u010dice, trebali biste pri\u010dekati barem tri do \u010detiri tjedna izme\u0111u dvije depilacije voskom.<\/p>\n\n\n\n<p class=\"has-text-color has-link-color wp-elements-8b6bf468b9c85d1ff246ca8723dd7098\" style=\"color:#a59281\"><strong>Postupak depilacije<\/strong><\/p>\n\n\n\n<p class=\"has-text-color has-link-color wp-elements-5076b189f5e1b37297cf47099bdb95be\" style=\"color:#a59281\">Podru\u010dje koje se depilira se prvo o\u010disti i dezinficira. Nakon toga se nanosi vosak i uklanjaju se dla\u010dice na manjim dijelovima. Dvije su vrste voska. \u201eHladni vosak\u201c se uklanja s papirnatim trakama, dok se topli vosak sam sti\u0161\u0107e i uklanja bez njih. Op\u0107enito, topli vosak se koristi za uklanjanje osjetljivih povr\u0161ina poput bikini zone, pazuha i lica. \u201eHladni vosak\u201c je za ve\u0107a podru\u010dja poput nogu ili podlaktice. Nakon depilacije, ukloni se sav vi\u0161ak voska i nanese preparat za smirivanje ko\u017ee poput ulja, mlijeka ili gelova.<\/p>\n\n\n\n<p class=\"has-text-color has-link-color wp-elements-7ec134f76b531968e8cfaeb22847adb3\" style=\"color:#a59281\"><strong>Njega nakon depilacije<\/strong><\/p>\n\n\n\n<p class=\"has-text-color has-link-color wp-elements-1da01a3f7fad20e0cadce64cab249536\" style=\"color:#a59281\">Iako bol prestaje \u010dim je depiliranje gotovo, podru\u010dje mo\u017ee ostati osjetljivo, zbog \u010dega ne biste trebali koristiti pilinge 48 sati poslije i izlagati se direktnom suncu sljede\u0107a 24 sata. Za crvenilo ili nate\u010denost, nanesite umiruju\u0107e sredstvo poput aloe vere.<\/p>\n\n\n\n<p class=\"has-text-color has-link-color wp-elements-a3be1fb5fdb1598a9a9f8086e2f70591\" style=\"color:#a59281\"><strong>HLADNI VOSAK<\/strong><\/p>\n\n\n\n<p class=\"has-text-color has-link-color wp-elements-bc9fee6c0c3e669d5b231e61d668026f\" style=\"color:#a59281\">\u2013 je vosak koji se zagrijava u posebnim patronama s kojima ga nanosimo u smjeru rasta dla\u010dica u jako tankom sloju koji se brzo hladi, a povla\u010dimo trakicama u suprotnom smjeru.<\/p>\n\n\n\n<p class=\"has-text-color has-link-color wp-elements-6e5b09e90b5aa88b7bc092f1b2e1adfe\" style=\"color:#a59281\"><strong>TOPLI VOSAK \u2013 VOSAK U PERLICAMA- LYCON SUSTAV VOSKOVA<\/strong><\/p>\n\n\n\n<p class=\"has-text-color has-link-color wp-elements-b1db6e537e72020eab2d14d93c211f2f\" style=\"color:#a59281\">\u2013 je vosak koji se grije na ni\u017eoj i ko\u017ei ugodnijoj temperaturi te se lijepi samo za dla\u010dice, ne i za ko\u017eu pa je i manje bolna od depilacije voskom u patronama. Osim uklanjanja dla\u010dica, nje\u017eno se odstranjuju i odumrle stanice pa je ko\u017ea nakon tretmana svilenkasta i glatka.<\/p>\n\n\n\n<p class=\"has-text-color has-link-color wp-elements-f4070d16905594923144b16100bf3bda\" style=\"color:#a59281\">Posebno bi istaknuli da se zahvaljuju\u0107i metodi \u201culje na ko\u017eu prije voska\u201d vosak ne lijepi za ko\u017eu nego samo zahva\u0107a dla\u010dicu te time ne trga i ne povla\u010di ko\u017eu nego samo \u010dupa dla\u010dicu s korijenom i time je depilacija i do 70% manje bolna.<\/p>\n\n\n\n<p class=\"has-text-color has-link-color wp-elements-8d670e353ac3beff863d66507e4f52f9\" style=\"color:#a59281\">Vosak je isklju\u010divo za jednokratnu upotrebu kao i alat s kojim se radi te je tretman izuzetno higijenski i siguran za klijenta i kozmeti\u010dara.<\/p>\n\n\n\n<p class=\"has-text-color has-link-color wp-elements-e527c88be6e4cebcde00d6b2c4ab9134\" style=\"color:#a59281\">Molimo Vas da imate na umu da se iz higijenskih razloga depilacija<br>intimnih dijelova ne izvodi za vrijeme mjese\u010dnice ( za vrijeme mjese\u010dnice ili ovulacije tijelo<br>ima puno manju toleranciju na bol pa je sami tretman bolniji).<br>Ukoliko imate brijanu dlaku molimo Vas da zbog uspje\u0161nosti tretmana pustite da dla\u010dice<br>izrastu barem pola cm.<br>Molimo Vas da, ukoliko imate problem sa uraslim dlakama, radite redovite pilinge kako bi<br>urasla dlaka izbila na povr\u0161inu i tako depilacija iste bila mogu\u0107a.<\/p>\n\n\n\n<p class=\"has-text-color has-link-color wp-elements-deb7ba6e30f8899cec24139d48fa3cb2\" style=\"color:#a59281\"><strong>ZA\u0160TO LYCON?<\/strong><br>Voskovi LYCON ve\u0107 dugi niz godina smatraju se cr\u00e8me de la cr\u00e8me me\u0111u voskovima za depilaciju i ostaju prvi izbor profesionalnih kozmeti\u010dara i nezamjenjiv alat u vode\u010dim salonima ljepote diljem svijeta. Napravljeni su od najboljih prirodnih smola i p\u010delinjih voskova s dodanim senzualnim aromaterapeutskim sastojcima, tako LYCON voskovi u\u017eivaju neusporedivu reputaciju zbog svoje nenadma\u0161ne kvalitete.<\/p>\n\n\n\n<p class=\"has-text-color has-link-color wp-elements-4f5fb6206a47cd29f2eb7a83780442d5\" style=\"color:#a59281\">LYCON nije obi\u010dan vosak. LYCON je <em>sustav<\/em> za depilaciju voskom.<br>Voskovi LYCON vec su vi\u0161e od 30 godina prvi izbor presti\u017enih kozmeti\u010dkih salona u svijetu, a obo\u017eavaju ih i holivudske zvijezde.<\/p>\n\n\n\n<p class=\"has-text-color has-link-color wp-elements-2210968752eea8d4c7485aac794acedb\" style=\"color:#a59281\">Zato \u0161to osiguravaju do 70% manje boli.<\/p>\n\n\n\n<p class=\"has-text-color has-link-color wp-elements-707b3fb6d54337e2a4db0bba0d292d76\" style=\"color:#a59281\">Zato \u0161to odstranjuju dlake ve\u0107 kod du\u017eine od 1 mm.<\/p>\n\n\n\n<p class=\"has-text-color has-link-color wp-elements-551bb70627833a53b9bc28429df8692a\" style=\"color:#a59281\">Zato \u0161to imaju nisku temperaturu djelovanja, odnosno nisu vru\u0107i.<\/p>\n\n\n\n<p class=\"has-text-color has-link-color wp-elements-2ea58f2be1415f57fb356408bcaa5ab5\" style=\"color:#a59281\">Zato \u0161to su u skladu s visokim higijenskim standardima.<\/p>\n\n\n\n<p class=\"has-text-color has-link-color wp-elements-e76342b5a1e4870ec727b1ca582a9bd0\" style=\"color:#a59281\">Zato \u0161to se na istome mjestu mogu koristiti i pet do \u0161est puta.<\/p>\n\n\n\n<p class=\"has-text-color has-link-color wp-elements-88469bc718d9b0740e39fae6e4c06d4c\" style=\"color:#a59281\">Zato \u0161to ne \u0161tete ko\u017ei.<\/p>\n\n\n\n<p class=\"has-text-color has-link-color wp-elements-7deab056b6fd1d314950788532b0b7a8\" style=\"color:#a59281\">Zato \u0161to pru\u017eaju vrhunske i dugotrajne rezultate.<\/p>\n\n\n\n<p class=\"has-text-color has-link-color wp-elements-e8054b86669244ebc23ac33ad0d73d94\" style=\"color:#a59281\">Depilacija LYCON voskom je ugodna i bezbolna.<br>100 % glatke noge, ko\u017ea svilenkasto meka i sjajna.<\/p>\n\n\n\n<figure class=\"wp-block-gallery has-nested-images columns-default is-cropped wp-block-gallery-1 is-layout-flex wp-block-gallery-is-layout-flex\">\n<figure class=\"wp-block-image size-full\"><img loading=\"lazy\" decoding=\"async\" width=\"1024\" height=\"683\" data-id=\"414\" src=\"https:\/\/beautystudiolora.hr\/wp-content\/uploads\/2024\/07\/PHOTO-2024-05-16-08-49-57.jpg\" alt=\"\" class=\"wp-image-414\" srcset=\"https:\/\/beautystudiolora.hr\/wp-content\/uploads\/2024\/07\/PHOTO-2024-05-16-08-49-57.jpg 1024w, https:\/\/beautystudiolora.hr\/wp-content\/uploads\/2024\/07\/PHOTO-2024-05-16-08-49-57-300x200.jpg 300w, https:\/\/beautystudiolora.hr\/wp-content\/uploads\/2024\/07\/PHOTO-2024-05-16-08-49-57-768x512.jpg 768w\" sizes=\"auto, (max-width: 1024px) 100vw, 1024px\" \/><\/figure>\n\n\n\n<figure class=\"wp-block-image size-full\"><img loading=\"lazy\" decoding=\"async\" width=\"1150\" height=\"1150\" data-id=\"415\" src=\"https:\/\/beautystudiolora.hr\/wp-content\/uploads\/2024\/07\/depi.jpeg\" alt=\"\" class=\"wp-image-415\" srcset=\"https:\/\/beautystudiolora.hr\/wp-content\/uploads\/2024\/07\/depi.jpeg 1150w, https:\/\/beautystudiolora.hr\/wp-content\/uploads\/2024\/07\/depi-300x300.jpeg 300w, https:\/\/beautystudiolora.hr\/wp-content\/uploads\/2024\/07\/depi-1024x1024.jpeg 1024w, https:\/\/beautystudiolora.hr\/wp-content\/uploads\/2024\/07\/depi-150x150.jpeg 150w, https:\/\/beautystudiolora.hr\/wp-content\/uploads\/2024\/07\/depi-768x768.jpeg 768w\" sizes=\"auto, (max-width: 1150px) 100vw, 1150px\" \/><\/figure>\n<\/figure>\n","protected":false},"excerpt":{"rendered":"<p>Depilacija voskom je odli\u010dna alternativa brijanju dla\u010dica, uklanjanju s kremama ili aparati\u0107ima. Depiliranje voskom namijenjeno je svim uzrastima, iako se preporu\u010duje s tretmanima zapo\u010deti u mla\u0111oj dobi, kada su dla\u010dice nje\u017enije i manje bolne za uklanjanje. Depilacija voskom je bolja jer uklanja dla\u010dicu s korijenom. Kada se brijete, odre\u017eete samo vidljivi dio dlake, pa ve\u0107 [&hellip;]<\/p>\n","protected":false},"author":1,"featured_media":0,"parent":45,"menu_order":0,"comment_status":"closed","ping_status":"closed","template":"","meta":{"ngg_post_thumbnail":0,"_joinchat":[],"footnotes":""},"class_list":["post-335","page","type-page","status-publish","hentry"],"_links":{"self":[{"href":"https:\/\/beautystudiolora.hr\/index.php\/wp-json\/wp\/v2\/pages\/335","targetHints":{"allow":["GET"]}}],"collection":[{"href":"https:\/\/beautystudiolora.hr\/index.php\/wp-json\/wp\/v2\/pages"}],"about":[{"href":"https:\/\/beautystudiolora.hr\/index.php\/wp-json\/wp\/v2\/types\/page"}],"author":[{"embeddable":true,"href":"https:\/\/beautystudiolora.hr\/index.php\/wp-json\/wp\/v2\/users\/1"}],"replies":[{"embeddable":true,"href":"https:\/\/beautystudiolora.hr\/index.php\/wp-json\/wp\/v2\/comments?post=335"}],"version-history":[{"count":5,"href":"https:\/\/beautystudiolora.hr\/index.php\/wp-json\/wp\/v2\/pages\/335\/revisions"}],"predecessor-version":[{"id":536,"href":"https:\/\/beautystudiolora.hr\/index.php\/wp-json\/wp\/v2\/pages\/335\/revisions\/536"}],"up":[{"embeddable":true,"href":"https:\/\/beautystudiolora.hr\/index.php\/wp-json\/wp\/v2\/pages\/45"}],"wp:attachment":[{"href":"https:\/\/beautystudiolora.hr\/index.php\/wp-json\/wp\/v2\/media?parent=335"}],"curies":[{"name":"wp","href":"https:\/\/api.w.org\/{rel}","templated":true}]}}