{"id":304,"date":"2024-07-08T09:23:07","date_gmt":"2024-07-08T09:23:07","guid":{"rendered":"https:\/\/beautystudiolora.hr\/?page_id=304"},"modified":"2024-09-11T08:04:11","modified_gmt":"2024-09-11T08:04:11","slug":"spray-tan","status":"publish","type":"page","link":"https:\/\/beautystudiolora.hr\/index.php\/usluge\/spray-tan\/","title":{"rendered":"SPRAY TAN"},"content":{"rendered":"\n<p class=\"has-text-color has-link-color has-superbfont-small-font-size wp-elements-01046192cddaf2c0ffd410c2427dbf60\" style=\"color:#a59281\">Spray tan tretman uklju\u010duje nano\u0161enje aktivnog sastojka DHA na va\u0161u ko\u017eu pomo\u0107u specijaliziranog aparata za prskanje.<\/p>\n\n\n\n<p class=\"has-text-color has-link-color has-superbfont-small-font-size wp-elements-e88b064dec83249eefb039e489944f59\" style=\"color:#a59281\"><strong>\u0160to je DHA?<\/strong><\/p>\n\n\n\n<p class=\"has-text-color has-link-color has-superbfont-small-font-size wp-elements-7daf669fd976d1109aa603e31a536e6d\" style=\"color:#a59281\">DHA je bezbojni \u0161e\u0107er koji u interakciji s proteinima i aminokiselinama u vanjskom sloju va\u0161e ko\u017ee proizvodi zlatno sme\u0111u boju. Ve\u0107ina boja za tamnjenje sadr\u017ei i instant kozmeti\u010dki bronzer koji daje samo trenutno blagu boju. Ovi bronzeri isprat \u0107e se nakon prvog tu\u0161iranja i ne\u0107e utjecati na krajnji rezultat preplanulosti.<\/p>\n\n\n\n<p class=\"has-text-color has-link-color has-superbfont-small-font-size wp-elements-b2b6d290db2729166fcc000acfcf1daa\" style=\"color:#a59281\"><strong>Postoji li samo jedna boja?<\/strong><\/p>\n\n\n\n<p class=\"has-text-color has-link-color has-superbfont-small-font-size wp-elements-9f1fa4303324d421242446514a16f30d\" style=\"color:#a59281\">Boje koje se koriste u spray tan tretmanu dolaze u razli\u010ditim nijansama. Razli\u010dite boje dolaze zbog razli\u010dite koli\u010dine DHA u otopini. U na\u0161em salonu nudimo razli\u010dite boje ovisno o \u017eeljenom efektu mogu\u0107e je posti\u0107i LIGHT, MEDIUM, DARK ili ULTRADARK nijansu (imajte na umu da ne mo\u017ee svaka ko\u017ea posti\u0107i jednaku nijansu).<\/p>\n\n\n\n<p class=\"has-text-color has-link-color has-superbfont-small-font-size wp-elements-b43395026e609f92d72d7f41b385c98c\" style=\"color:#a59281\">Ni jedna od navednih boja nema naran\u010dastu zavr\u0161nicu. Sve boje se razvijaju u preplanulu brona\u010dno maslinastu nijasnu.<\/p>\n\n\n\n<p class=\"has-text-color has-link-color has-superbfont-small-font-size wp-elements-fbc2465bd5862e779c38124b0af1b053\" style=\"color:#a59281\"><strong>Kakav efekt mogu posti\u0107i?<\/strong><\/p>\n\n\n\n<p class=\"has-text-color has-link-color has-superbfont-small-font-size wp-elements-b2cc9d733c6963e47e19fb72f402d9b7\" style=\"color:#a59281\">Kao \u0161to smo naveli, postoje razli\u010dite ja\u010dine DHA. Mi \u0107emo vas savjetovati o tome \u0161to je najbolja opcija za va\u0161u boju ko\u017ee, imaju\u0107i na umu koliko tamnu nijansu \u017eelite posti\u0107i.<\/p>\n\n\n\n<p class=\"has-text-color has-link-color has-superbfont-small-font-size wp-elements-61517fb1fb9976f0aaed7acd6d9d9024\" style=\"color:#a59281\">FAKTOR 1<\/p>\n\n\n\n<p class=\"has-text-color has-link-color has-superbfont-small-font-size wp-elements-d9181b4566a9624eef3d40bd16ce0d24\" style=\"color:#a59281\">Ako brzo tamnite prirodno, vi\u0161e \u0107ete mo\u0107i potamniti i pomo\u0107i spray tan-a.<\/p>\n\n\n\n<p class=\"has-text-color has-link-color has-superbfont-small-font-size wp-elements-f46d5f1929b7a4dee83f6d5d106d9c78\" style=\"color:#a59281\">FAKTOR 2<\/p>\n\n\n\n<p class=\"has-text-color has-link-color has-superbfont-small-font-size wp-elements-a5fa2f4f556e6a07914698fc0bbf1f16\" style=\"color:#a59281\">Razvijanje boje ovisi o tome koliko dugo ostavite boju da stoji prije prvog tu\u0161iranja i doticaja s vodom.<\/p>\n\n\n\n<p class=\"has-text-color has-link-color has-superbfont-small-font-size wp-elements-74a546ee2b9e40da204a38756421213b\" style=\"color:#a59281\"><strong>Koliko dugo treba boji da se razvije?<\/strong><\/p>\n\n\n\n<p class=\"has-text-color has-link-color has-superbfont-small-font-size wp-elements-9b9b0a97ddb1b5d4d45496d25ad3223a\" style=\"color:#a59281\">DHA se odmah po\u010dinje aktivirati. 60% ovog procesa je dovr\u0161eno nakon prvog sata, no stvarna preplanulost nastavit \u0107e se razvijati tijekom sljede\u0107a 24 sata. Svi kozmeti\u010dki instant bronzeri isprat \u0107e se tu\u0161iranjem. Boja koju vidite prilikom tu\u0161iranja zapravo i jesu samo bronzeri koji odlaze s povr\u0161ine ko\u017ee. Prava boja se postepeno razvija na povr\u0161inskom sloju ko\u017ee. Ovisno o boji ko\u017ee i koliko tamnu boju \u017eelite bit \u0107ete savjetovani o vremenskom periodu u kojem bi bilo najbolje odraditi prvo tu\u0161iranje ( naj\u0107e\u0161\u0107e je to 6-8h nakon tretmana).<\/p>\n\n\n\n<p class=\"has-text-color has-link-color has-superbfont-small-font-size wp-elements-ffc486e4c1bf64529ab26f1550cac564\" style=\"color:#a59281\"><strong>Koliko se dugo boja zadr\u017eava na ko\u017ei?<\/strong><\/p>\n\n\n\n<p class=\"has-text-color has-link-color has-superbfont-small-font-size wp-elements-7b0477e38526e6377dc7d5237a3d2a6e\" style=\"color:#a59281\">1.  dan- nakon samog prskanja boja izgleda intezivno, no nakon prvog tu\u0161iranja (odlaskom instant bronzera) ko\u017ea poprima izgled prirodno preplanulog tena.<\/p>\n\n\n\n<p class=\"has-text-color has-link-color has-superbfont-small-font-size wp-elements-eba8b4a56c54b9a01ff7995098ea5ecd\" style=\"color:#a59281\">2.-4. dan- Boja punija i ljep\u0161a<\/p>\n\n\n\n<p class=\"has-text-color has-link-color has-superbfont-small-font-size wp-elements-793cb2c2934ab227330d44ea840d1436\" style=\"color:#a59281\">5.-8. dan- Boja svakim danom lagano blijedi<\/p>\n\n\n\n<p class=\"has-text-color has-link-color has-superbfont-small-font-size wp-elements-c7b123c6bff0f7fe6070a621243ab856\" style=\"color:#a59281\">9. dan- Boja gubi svoj intenzitet<\/p>\n\n\n\n<p class=\"has-text-color has-link-color has-superbfont-small-font-size wp-elements-37ded88265863be7457973f3b635b634\" style=\"color:#a59281\">10. dan- Boja je skoro nestala sa ko\u017ee i spremna je za eksfolijaciju.<\/p>\n\n\n\n<p class=\"has-text-color has-link-color has-superbfont-small-font-size wp-elements-3058e0737425ad6dd854b89280a0407c\" style=\"color:#a59281\">11. dan- Kada ste napravili eksfolijaciju skinuli ste sav ostatak boje sa ko\u017ee i ko\u017ea je spremna za ponovo prskanje<\/p>\n\n\n\n<p class=\"has-text-color has-link-color has-superbfont-small-font-size wp-elements-5ce44e82b3e03a69f1f1b447f82b85d0\" style=\"color:#a59281\"><strong>Za\u0161to izabrati SPRAY TAN?<\/strong><\/p>\n\n\n\n<p class=\"has-text-color has-link-color has-superbfont-small-font-size wp-elements-830e407968cdcef9db562842b8db74bc\" style=\"color:#a59281\">Sigurnost? Trudno\u0107a?<\/p>\n\n\n\n<p class=\"has-text-color has-link-color has-superbfont-small-font-size wp-elements-89dfbeeafb496df462dcbd50ea939083\" style=\"color:#a59281\">Puno je sigurnije od izlaganja ko\u017ee sun\u010devim zrakama ili solariju, a i dalje dobivate onaj sjajno preplanuli izgled.<\/p>\n\n\n\n<div class=\"wp-block-group has-global-padding is-layout-constrained wp-block-group-is-layout-constrained\">\n<p class=\"has-text-color has-link-color has-superbfont-small-font-size wp-elements-3d9988f996077a242884dfc9e3db0fea\" style=\"color:#a59281\">FDA(food and drug administration) je odobrila DHA za upotrebu u industriji osobne njege prije vi\u0161e od 30 godina.<\/p>\n\n\n\n<p class=\"has-text-color has-link-color has-superbfont-small-font-size wp-elements-460ac6f3464ff5046692422e729728e2\" style=\"color:#a59281\">Kod upotrebe DHA nisu zabilje\u017eeni nikakvi \u0161tetni u\u010dinci osim manjih iritacija ko\u017ee kod alergi\u010dara. Alergijske reakcije su izuzetno rijetke i ako ste do\u017eivjeli alergijske reakcije na proizvode za samotanjenje ili druge proizvode za uljep\u0161avanje, molimo vas da prvo dogovorite ko\u017eni test u salonu. Spray tan tretman je siguran za trudnice. DHA se ne zasniva na kemikalijama ve\u0107 na preparatima dobijenim iz organskih materijala. Boja ostaje na povr\u0161ini ko\u017ee i ne ulazi u tijelo. Preparati koje koristimo u slaonu su dermatolo\u0161ki ispitani. Trudnice i dojilje ne moraju brinuti \u0161tete li svom zdravlju , kao ni zdravlju svoje bebe.<\/p>\n\n\n\n<p class=\"has-text-color has-link-color wp-elements-bc3b239edf857001ad06dcbec913f9ec\" style=\"color:#a59281\"><strong>Pripreme pred tretman<\/strong><\/p>\n\n\n\n<p class=\"has-text-color has-link-color has-superbfont-small-font-size wp-elements-621f5512ea2ed61841e036bd12ca49c6\" style=\"color:#a59281\">1. Ukloniti sve ne\u017eeljene dla\u010dice sa tijela.<\/p>\n\n\n\n<p class=\"has-text-color has-link-color has-superbfont-small-font-size wp-elements-295a2087862cd0f7635a9f8f6c314f8e\" style=\"color:#a59281\">2. Brijanje odraditi 24h prije tretmana<\/p>\n\n\n\n<p class=\"has-text-color has-link-color has-superbfont-small-font-size wp-elements-afd44bf4566f5eb72e7c8b0ff790dd1e\" style=\"color:#a59281\">3. Depilaciju potrebno uraditi 48h prije tretmana <\/p>\n\n\n\n<p class=\"has-text-color has-link-color has-superbfont-small-font-size wp-elements-5ac25c38dfcf081822543341862b517e\" style=\"color:#a59281\">4. Sve kozmeti\u010dke tretmane odraditi prije spray tana-a<\/p>\n\n\n\n<p class=\"has-text-color has-link-color has-superbfont-small-font-size wp-elements-7edeff39980b8a25d30897fcfe7cd4bf\" style=\"color:#a59281\">5. Ve\u010der prije tretmana potrebno je odraditi suhi piling prilikom tu\u0161iranja<\/p>\n\n\n\n<p class=\"has-text-color has-link-color has-superbfont-small-font-size wp-elements-a9c73da460dccf26e28dd10a16eccf49\" style=\"color:#a59281\">6. Na tretman je potrebno do\u0107i BEZ \u0160MINKE, LOSIONA, KREME, ULJA, PARFEMA, DEZODORANSA<\/p>\n\n\n\n<p class=\"has-text-color has-link-color has-superbfont-small-font-size wp-elements-58afaa99b825d825b0adfb25d10a27ad\" style=\"color:#a59281\">7. Prilikom ulaska u kabinu za prskanje potrebno je skinuti sav nakit<\/p>\n\n\n\n<p class=\"has-text-color has-link-color has-superbfont-small-font-size wp-elements-164f2857886ddc1b71b956aac1254f49\" style=\"color:#a59281\">8. Na termin je potrebni do\u0107i u \u0161to \u0161iroj odje\u0107i i obu\u0107i. Ako je odje\u0107a stisnuta uz tijelo, mogu\u0107e je da \u0107e prilikom obla\u010denja do\u0107i do skidanja boje \u0161to bi moglo rezultirati neravnomjernim razvitkom boje na tijelu.<\/p>\n<\/div>\n\n\n\n<p class=\"has-text-color has-link-color has-superbfont-small-font-size wp-elements-100a5acd62ad7e356d4eb6f5539adf91\" style=\"color:#a59281\"><strong>Odr\u017eavanje nakon tretmana<\/strong><\/p>\n\n\n\n<ul style=\"color:#a59281\" class=\"wp-block-list has-text-color has-link-color has-fontsecondary-font-family wp-elements-6383d05d5752013e6055d5601114671a\">\n<li>Nakon tretmana nemojte dolaziti u doticaj s vodom (\u010dak pazite i kod pranja ruku prva tri sata) minimalno 4 -6 sati<\/li>\n<\/ul>\n\n\n\n<ul style=\"color:#a59281\" class=\"wp-block-list has-text-color has-link-color has-fontsecondary-font-family wp-elements-39cc550dc94d62447e1ab59ebf170288\">\n<li>Nakon proteklog vremena razvijanja boje, svoje prvo tu\u0161iranje odradite isklju\u010divo samo s vodom. Neka prvo tu\u0161iranje bude kratko.<\/li>\n<\/ul>\n\n\n\n<ul style=\"color:#a59281\" class=\"wp-block-list has-text-color has-link-color has-fontsecondary-font-family wp-elements-6062978b753d4589b6c77f8d63563b4c\">\n<li>Su\u0161enje (brisanje) nakon tu\u0161iranja neka bude mekanim ru\u010dnikom tako da vrlo nje\u017eno i lagano tapkate po ko\u017ei.<\/li>\n<\/ul>\n\n\n\n<ul style=\"color:#a59281\" class=\"wp-block-list has-text-color has-link-color has-fontsecondary-font-family wp-elements-050e49eec370928cac759d0117388d16\">\n<li>Mazanje ko\u017ee je obavezno ali tek nakon prva 24 sata od odra\u0111enog tretmana (koristiti kremu ne ulje).<\/li>\n<\/ul>\n\n\n\n<p class=\"has-text-color has-link-color has-superbfont-small-font-size wp-elements-6b5bb3990d3cf6cd525daa900644e9de\" style=\"color:#a59281\"><strong>NAPOMENA<\/strong>: Nemojte pritiskati ru\u010dnik ili strugati po ko\u017ei kako ne bi do\u0161lo do ne\u017eeljenih efekata! Kori\u0161tenje britvice ili pilinga= skidanje boje.<\/p>\n\n\n\n<p class=\"has-text-color has-link-color has-superbfont-small-font-size wp-elements-17a45f9ef635a75ea08b62e76e364354\" style=\"color:#a59281\"><strong>UPOZORENJE<\/strong>: Prilikom aktivnosti poput plivanja, saune, tr\u010danja, odnosno poja\u010danog znojenja.<\/p>\n\n\n\n<p class=\"has-text-color has-link-color has-superbfont-small-font-size wp-elements-b7fd6a097182a4b6eab0ac378535b327\" style=\"color:#a59281\"><strong>SPRAY TAN i sun\u010danje na Suncu?<\/strong><\/p>\n\n\n\n<p class=\"has-text-color has-link-color has-superbfont-small-font-size wp-elements-08db6d07603b8c2df9780c7e63a20cbb\" style=\"color:#a59281\">Kako spray tan nema interakciju sa melaninom tako nema ni za\u0161titu od UV zraka. Prilikom izlaganja suncu preporu\u010duje se kori\u0161tenje za\u0161titnog faktora. Kada se sun\u010date na suncu mo\u017eete dobiti ravnomjernu boju bez obzira jeste li odradili spray tan. Tako\u0111er, \u010desto pitate ho\u0107ete li lak\u0161e primiti boju pomo\u0107u spray tan-a. Na\u017ealost &#8220;SUNCE NE ZNA DA SMO RADILI SPRAY TAN&#8221;. No, svakako ga svi odlu\u010de napraviti prije odlaska na more jer nam ipak sve ljep\u0161e stoji i boje se lak\u0161e uklapaju kada imamo tamniji ten. Daje nam osje\u0107aj sigurnosti.<\/p>\n\n\n\n<figure class=\"wp-block-gallery has-nested-images columns-default is-cropped wp-block-gallery-1 is-layout-flex wp-block-gallery-is-layout-flex\">\n<figure class=\"wp-block-image size-large is-style-default\"><img loading=\"lazy\" decoding=\"async\" width=\"811\" height=\"1024\" data-id=\"310\" src=\"https:\/\/beautystudiolora.hr\/wp-content\/uploads\/2024\/07\/Slika-zaslona-2024-07-08-u-12.22.44-811x1024.png\" alt=\"\" class=\"wp-image-310\" srcset=\"https:\/\/beautystudiolora.hr\/wp-content\/uploads\/2024\/07\/Slika-zaslona-2024-07-08-u-12.22.44-811x1024.png 811w, https:\/\/beautystudiolora.hr\/wp-content\/uploads\/2024\/07\/Slika-zaslona-2024-07-08-u-12.22.44-238x300.png 238w, https:\/\/beautystudiolora.hr\/wp-content\/uploads\/2024\/07\/Slika-zaslona-2024-07-08-u-12.22.44-768x969.png 768w, https:\/\/beautystudiolora.hr\/wp-content\/uploads\/2024\/07\/Slika-zaslona-2024-07-08-u-12.22.44.png 946w\" sizes=\"auto, (max-width: 811px) 100vw, 811px\" \/><\/figure>\n<\/figure>\n","protected":false},"excerpt":{"rendered":"<p>Spray tan tretman uklju\u010duje nano\u0161enje aktivnog sastojka DHA na va\u0161u ko\u017eu pomo\u0107u specijaliziranog aparata za prskanje. \u0160to je DHA? DHA je bezbojni \u0161e\u0107er koji u interakciji s proteinima i aminokiselinama u vanjskom sloju va\u0161e ko\u017ee proizvodi zlatno sme\u0111u boju. Ve\u0107ina boja za tamnjenje sadr\u017ei i instant kozmeti\u010dki bronzer koji daje samo trenutno blagu boju. Ovi [&hellip;]<\/p>\n","protected":false},"author":1,"featured_media":0,"parent":45,"menu_order":0,"comment_status":"closed","ping_status":"closed","template":"","meta":{"ngg_post_thumbnail":0,"_joinchat":[],"footnotes":""},"class_list":["post-304","page","type-page","status-publish","hentry"],"_links":{"self":[{"href":"https:\/\/beautystudiolora.hr\/index.php\/wp-json\/wp\/v2\/pages\/304","targetHints":{"allow":["GET"]}}],"collection":[{"href":"https:\/\/beautystudiolora.hr\/index.php\/wp-json\/wp\/v2\/pages"}],"about":[{"href":"https:\/\/beautystudiolora.hr\/index.php\/wp-json\/wp\/v2\/types\/page"}],"author":[{"embeddable":true,"href":"https:\/\/beautystudiolora.hr\/index.php\/wp-json\/wp\/v2\/users\/1"}],"replies":[{"embeddable":true,"href":"https:\/\/beautystudiolora.hr\/index.php\/wp-json\/wp\/v2\/comments?post=304"}],"version-history":[{"count":6,"href":"https:\/\/beautystudiolora.hr\/index.php\/wp-json\/wp\/v2\/pages\/304\/revisions"}],"predecessor-version":[{"id":542,"href":"https:\/\/beautystudiolora.hr\/index.php\/wp-json\/wp\/v2\/pages\/304\/revisions\/542"}],"up":[{"embeddable":true,"href":"https:\/\/beautystudiolora.hr\/index.php\/wp-json\/wp\/v2\/pages\/45"}],"wp:attachment":[{"href":"https:\/\/beautystudiolora.hr\/index.php\/wp-json\/wp\/v2\/media?parent=304"}],"curies":[{"name":"wp","href":"https:\/\/api.w.org\/{rel}","templated":true}]}}