{"id":302,"date":"2024-07-08T09:22:36","date_gmt":"2024-07-08T09:22:36","guid":{"rendered":"https:\/\/beautystudiolora.hr\/?page_id=302"},"modified":"2024-09-11T08:05:07","modified_gmt":"2024-09-11T08:05:07","slug":"trajna-sminka","status":"publish","type":"page","link":"https:\/\/beautystudiolora.hr\/index.php\/usluge\/trajna-sminka\/","title":{"rendered":"TRAJNA \u0160MINKA"},"content":{"rendered":"\n<div class=\"wp-block-columns has-contrast-light-background-color has-background is-layout-flex wp-container-core-columns-is-layout-cd79a7c7 wp-block-columns-is-layout-flex\" style=\"border-style:none;border-width:0px;border-radius:0px;margin-top:0;margin-bottom:0;padding-top:var(--wp--preset--spacing--superbspacing-small);padding-right:0;padding-bottom:var(--wp--preset--spacing--superbspacing-small);padding-left:0\">\n<div class=\"wp-block-column is-layout-flow wp-block-column-is-layout-flow\">\n<p class=\"has-text-color has-link-color has-superbfont-small-font-size wp-elements-6e572648af8f0bfb9958b0208ffe0a53\" style=\"color:#a59281\">U Beauty Studiu Lora, tretman trajne \u0161minke izvodi Lora Medi\u0107 \u017duvan, iskusna i certificirana PMU artistica koja je poznata po svojoj preciznosti i stru\u010dnosti. Trajna \u0161minka je savr\u0161eno rje\u0161enje za one koji \u017eele u\u0161tedjeti vrijeme na svakodnevnom nano\u0161enju \u0161minke i uvijek izgledati besprijekorno.<\/p>\n\n\n\n<p class=\"has-text-color has-link-color has-superbfont-small-font-size wp-elements-2008b17963810f24bf25d7bb89d76d3e\" style=\"color:#a59281\">Lora koristi najnovije tehnike i visokokvalitetne pigmente kako bi stvorila prirodan i dugotrajan izgled koji isti\u010de va\u0161u ljepotu. Bilo da se radi o mikropigmentaciji obrva (puder tehnici) , trajnom eyelineru, trajnoj olovci za o\u010di ili trajnom ru\u017eu za usne, svaki tretman je prilago\u0111en va\u0161im individualnim \u017eeljama i potrebama.<\/p>\n\n\n\n<p class=\"has-text-color has-link-color has-superbfont-small-font-size wp-elements-456bf8bc5159aba11f42a5aa1b39de7c\" style=\"color:#a59281\">Proces po\u010dinje konzultacijom, tijekom koje Lora detaljno obja\u0161njava postupak i prilago\u0111ava dizajn va\u0161im crtama lica. Nakon toga slijedi precizno nano\u0161enje pigmenata, uz kori\u0161tenje sterilnih i sigurnih instrumenata. Rezultat je dugotrajan, prirodan izgled koji nagla\u0161ava va\u0161e najbolje crte.<\/p>\n\n\n\n<p class=\"has-text-color has-link-color has-superbfont-small-font-size wp-elements-abe616592f4f51dc09c2180c9040436c\" style=\"color:#a59281\">U Beauty Centru Lora, va\u0161a ljepota je na\u0161a misija, a tretmani trajne \u0161minke su na\u010din na koji vam poma\u017eemo da se osje\u0107ate samopouzdano i zadovoljno svakog dana.<\/p>\n\n\n\n<p class=\"has-text-color has-link-color has-superbfont-small-font-size wp-elements-7cc0f2980d8ecad9a3ccf721bdaa9618\" style=\"color:#a59281\">Ukoliko Vas zanimaju tretmani trajne \u0161minke ( regije: obrve, trajni tu\u0161 i usne) potrebno je<br>poslati za koju regiju se zanimate i potom \u0107ete dobiti upute za pripremu prije i nakon<br>tretmana.<br>\u2757\ufe0fPrepravke tu\u0111ih\/starih radova ne radimo, mogu\u0107e je jedino napraviti neutralizaciju pigmenta<br>na obrvama (sivog, crvenog ili zelenog).<br>Najpo\u017eeljnije bi bilo odraditi 1-2 tretmana skidanja laserom prije svakog novog rada na<br>ve\u0107 tretiranom podru\u010dju.<\/p>\n<\/div>\n<\/div>\n\n\n\n<figure class=\"wp-block-gallery has-nested-images columns-default is-cropped wp-block-gallery-1 is-layout-flex wp-block-gallery-is-layout-flex\">\n<figure class=\"wp-block-image size-large\"><img loading=\"lazy\" decoding=\"async\" width=\"1024\" height=\"1024\" data-id=\"309\" src=\"https:\/\/beautystudiolora.hr\/wp-content\/uploads\/2024\/07\/trajna-2-1024x1024.jpeg\" alt=\"\" class=\"wp-image-309\" srcset=\"https:\/\/beautystudiolora.hr\/wp-content\/uploads\/2024\/07\/trajna-2-1024x1024.jpeg 1024w, https:\/\/beautystudiolora.hr\/wp-content\/uploads\/2024\/07\/trajna-2-300x300.jpeg 300w, https:\/\/beautystudiolora.hr\/wp-content\/uploads\/2024\/07\/trajna-2-150x150.jpeg 150w, https:\/\/beautystudiolora.hr\/wp-content\/uploads\/2024\/07\/trajna-2-768x768.jpeg 768w, https:\/\/beautystudiolora.hr\/wp-content\/uploads\/2024\/07\/trajna-2-1536x1536.jpeg 1536w, https:\/\/beautystudiolora.hr\/wp-content\/uploads\/2024\/07\/trajna-2.jpeg 2048w\" sizes=\"auto, (max-width: 1024px) 100vw, 1024px\" \/><\/figure>\n\n\n\n<figure class=\"wp-block-image size-large\"><img loading=\"lazy\" decoding=\"async\" width=\"576\" height=\"1024\" data-id=\"246\" src=\"https:\/\/beautystudiolora.hr\/wp-content\/uploads\/2024\/07\/Pmu-lips-576x1024.jpg\" alt=\"\" class=\"wp-image-246\" srcset=\"https:\/\/beautystudiolora.hr\/wp-content\/uploads\/2024\/07\/Pmu-lips-576x1024.jpg 576w, https:\/\/beautystudiolora.hr\/wp-content\/uploads\/2024\/07\/Pmu-lips-169x300.jpg 169w, https:\/\/beautystudiolora.hr\/wp-content\/uploads\/2024\/07\/Pmu-lips-768x1365.jpg 768w, https:\/\/beautystudiolora.hr\/wp-content\/uploads\/2024\/07\/Pmu-lips-864x1536.jpg 864w, https:\/\/beautystudiolora.hr\/wp-content\/uploads\/2024\/07\/Pmu-lips-1152x2048.jpg 1152w, https:\/\/beautystudiolora.hr\/wp-content\/uploads\/2024\/07\/Pmu-lips-scaled.jpg 1440w\" sizes=\"auto, (max-width: 576px) 100vw, 576px\" \/><\/figure>\n\n\n\n<figure class=\"wp-block-image size-large\"><img loading=\"lazy\" decoding=\"async\" width=\"576\" height=\"1024\" data-id=\"245\" src=\"https:\/\/beautystudiolora.hr\/wp-content\/uploads\/2024\/07\/PMU-eyeliner-576x1024.jpg\" alt=\"\" class=\"wp-image-245\" srcset=\"https:\/\/beautystudiolora.hr\/wp-content\/uploads\/2024\/07\/PMU-eyeliner-576x1024.jpg 576w, https:\/\/beautystudiolora.hr\/wp-content\/uploads\/2024\/07\/PMU-eyeliner-169x300.jpg 169w, https:\/\/beautystudiolora.hr\/wp-content\/uploads\/2024\/07\/PMU-eyeliner-768x1365.jpg 768w, https:\/\/beautystudiolora.hr\/wp-content\/uploads\/2024\/07\/PMU-eyeliner-864x1536.jpg 864w, https:\/\/beautystudiolora.hr\/wp-content\/uploads\/2024\/07\/PMU-eyeliner-1152x2048.jpg 1152w, https:\/\/beautystudiolora.hr\/wp-content\/uploads\/2024\/07\/PMU-eyeliner-scaled.jpg 1440w\" sizes=\"auto, (max-width: 576px) 100vw, 576px\" \/><\/figure>\n\n\n\n<figure class=\"wp-block-image size-large\"><img decoding=\"async\" data-id=\"249\" src=\"https:\/\/beautystudiolora.hr\/wp-content\/uploads\/2024\/07\/PMU-puder-obrve1.heic\" alt=\"\" class=\"wp-image-249\"\/><\/figure>\n\n\n\n<figure class=\"wp-block-image size-large\"><img decoding=\"async\" data-id=\"248\" src=\"https:\/\/beautystudiolora.hr\/wp-content\/uploads\/2024\/07\/Pmu-puder-obrve.heic\" alt=\"\" class=\"wp-image-248\"\/><\/figure>\n\n\n\n<figure class=\"wp-block-image size-large\"><img loading=\"lazy\" decoding=\"async\" width=\"1024\" height=\"1024\" data-id=\"202\" src=\"https:\/\/beautystudiolora.hr\/wp-content\/uploads\/2024\/07\/obrvet-1-1024x1024.jpeg\" alt=\"\" class=\"wp-image-202\" srcset=\"https:\/\/beautystudiolora.hr\/wp-content\/uploads\/2024\/07\/obrvet-1-1024x1024.jpeg 1024w, https:\/\/beautystudiolora.hr\/wp-content\/uploads\/2024\/07\/obrvet-1-300x300.jpeg 300w, https:\/\/beautystudiolora.hr\/wp-content\/uploads\/2024\/07\/obrvet-1-150x150.jpeg 150w, https:\/\/beautystudiolora.hr\/wp-content\/uploads\/2024\/07\/obrvet-1-768x768.jpeg 768w, https:\/\/beautystudiolora.hr\/wp-content\/uploads\/2024\/07\/obrvet-1.jpeg 1440w\" sizes=\"auto, (max-width: 1024px) 100vw, 1024px\" \/><\/figure>\n\n\n\n<figure class=\"wp-block-image size-large\"><img loading=\"lazy\" decoding=\"async\" width=\"819\" height=\"1024\" data-id=\"201\" src=\"https:\/\/beautystudiolora.hr\/wp-content\/uploads\/2024\/07\/obrve-1-819x1024.jpeg\" alt=\"\" class=\"wp-image-201\" srcset=\"https:\/\/beautystudiolora.hr\/wp-content\/uploads\/2024\/07\/obrve-1-819x1024.jpeg 819w, https:\/\/beautystudiolora.hr\/wp-content\/uploads\/2024\/07\/obrve-1-240x300.jpeg 240w, https:\/\/beautystudiolora.hr\/wp-content\/uploads\/2024\/07\/obrve-1-768x960.jpeg 768w, https:\/\/beautystudiolora.hr\/wp-content\/uploads\/2024\/07\/obrve-1-1229x1536.jpeg 1229w, https:\/\/beautystudiolora.hr\/wp-content\/uploads\/2024\/07\/obrve-1.jpeg 1440w\" sizes=\"auto, (max-width: 819px) 100vw, 819px\" \/><\/figure>\n<\/figure>\n","protected":false},"excerpt":{"rendered":"<p>U Beauty Studiu Lora, tretman trajne \u0161minke izvodi Lora Medi\u0107 \u017duvan, iskusna i certificirana PMU artistica koja je poznata po svojoj preciznosti i stru\u010dnosti. Trajna \u0161minka je savr\u0161eno rje\u0161enje za one koji \u017eele u\u0161tedjeti vrijeme na svakodnevnom nano\u0161enju \u0161minke i uvijek izgledati besprijekorno. Lora koristi najnovije tehnike i visokokvalitetne pigmente kako bi stvorila prirodan i [&hellip;]<\/p>\n","protected":false},"author":1,"featured_media":0,"parent":45,"menu_order":0,"comment_status":"closed","ping_status":"closed","template":"","meta":{"ngg_post_thumbnail":0,"_joinchat":[],"footnotes":""},"class_list":["post-302","page","type-page","status-publish","hentry"],"_links":{"self":[{"href":"https:\/\/beautystudiolora.hr\/index.php\/wp-json\/wp\/v2\/pages\/302","targetHints":{"allow":["GET"]}}],"collection":[{"href":"https:\/\/beautystudiolora.hr\/index.php\/wp-json\/wp\/v2\/pages"}],"about":[{"href":"https:\/\/beautystudiolora.hr\/index.php\/wp-json\/wp\/v2\/types\/page"}],"author":[{"embeddable":true,"href":"https:\/\/beautystudiolora.hr\/index.php\/wp-json\/wp\/v2\/users\/1"}],"replies":[{"embeddable":true,"href":"https:\/\/beautystudiolora.hr\/index.php\/wp-json\/wp\/v2\/comments?post=302"}],"version-history":[{"count":9,"href":"https:\/\/beautystudiolora.hr\/index.php\/wp-json\/wp\/v2\/pages\/302\/revisions"}],"predecessor-version":[{"id":543,"href":"https:\/\/beautystudiolora.hr\/index.php\/wp-json\/wp\/v2\/pages\/302\/revisions\/543"}],"up":[{"embeddable":true,"href":"https:\/\/beautystudiolora.hr\/index.php\/wp-json\/wp\/v2\/pages\/45"}],"wp:attachment":[{"href":"https:\/\/beautystudiolora.hr\/index.php\/wp-json\/wp\/v2\/media?parent=302"}],"curies":[{"name":"wp","href":"https:\/\/api.w.org\/{rel}","templated":true}]}}