{"id":300,"date":"2024-07-08T09:22:16","date_gmt":"2024-07-08T09:22:16","guid":{"rendered":"https:\/\/beautystudiolora.hr\/?page_id=300"},"modified":"2024-09-11T07:58:23","modified_gmt":"2024-09-11T07:58:23","slug":"stiliziranje-obrva","status":"publish","type":"page","link":"https:\/\/beautystudiolora.hr\/index.php\/usluge\/stiliziranje-obrva\/","title":{"rendered":"STILIZIRANJE OBRVA"},"content":{"rendered":"\n<p class=\"has-text-color has-link-color has-superbfont-small-font-size wp-elements-d365866e1eb4959ca90d8f614da7d426\" style=\"color:#a59281\">U Beauty Centru Lora, nudimo \u0161irok izbor tretmana za stiliziranje obrva, uklju\u010duju\u0107i \u010dupanje koncem, voskom ili pincetom, te brow lift\/laminaciju\/podizanje obrva i bojanje.<\/p>\n\n\n\n<p class=\"has-text-color has-link-color has-superbfont-small-font-size wp-elements-b9d96d4bef3aba00dd7bcad8a23e33b7\" style=\"color:#a59281\"><strong>BROW LIFT<\/strong><\/p>\n\n\n\n<p class=\"has-text-color has-link-color has-superbfont-small-font-size wp-elements-40fdac838b27154d081baf26ccad01a9\" style=\"color:#a59281\">Brow Lift, tako\u0111er poznat kao laminacija ili lifting obrva, tretman je stiliziranja prirodnih obrva tijekom kojeg se ne koriste igle niti trajna boja. Ovim tretmanom posti\u017ee se puno\u0107a i pove\u0107ava vizualni volumen obrva. Idealan je za sve tipove obrva, uklju\u010duju\u0107i guste, \u010dupave, neuredne, tanke, slabe i vizualno neprimjetne obrve koje nemaju nikakav oblik.<\/p>\n\n\n\n<p class=\"has-text-color has-link-color has-superbfont-small-font-size wp-elements-b99b52c4db5606cbd4285bfac92a007e\" style=\"color:#a59281\">Podizanje obrva provodi se u nekoliko bezbolnih koraka:<\/p>\n\n\n\n<p class=\"has-text-color has-link-color has-superbfont-small-font-size wp-elements-c5b56caeb021778641e9e7cc40166cca\" style=\"color:#a59281\"><strong>\u010ci\u0161\u0107enje<\/strong>&nbsp;podru\u010dja koje namjeravamo tretirati.<\/p>\n\n\n\n<p class=\"has-text-color has-link-color has-superbfont-small-font-size wp-elements-6ff333615daad316f03cfc1c47a37b1c\" style=\"color:#a59281\"><strong>Faza 1<\/strong>&nbsp;\u2013 Nanosimo gel koji pove\u0107ava pH dlake i omek\u0161ava njezinu unutarnju strukturu, razdvajaju\u0107i popre\u010dne veze unutar i izme\u0111u proteinskih lanaca dlake, omogu\u0107avaju\u0107i da dlaku preoblikujemo, podignemo i za\u010de\u0161ljamo u \u017eeljenom smjeru.<\/p>\n\n\n\n<p class=\"has-text-color has-link-color has-superbfont-small-font-size wp-elements-fe6759c359699f23645d86974672cd53\" style=\"color:#a59281\"><strong>Faza 2<\/strong>&nbsp;\u2013 nanosimo neutraliziraju\u0107i gel koji ponovo umre\u017euje popre\u010dne veze unutar dlake, osiguravaju\u0107i da dla\u010dice zadr\u017ee oblik koji smo napravili.<\/p>\n\n\n\n<p class=\"has-text-color has-link-color has-superbfont-small-font-size wp-elements-ba2c20999af9c73706e654a36b74fb30\" style=\"color:#a59281\"><strong>Faza 3<\/strong>&nbsp;\u2013 slijedi oblikovanje obrva (koriste\u0107i konac, vosak ili pincetu) i bojanje obrva. \u0160irokom paletom boja mo\u017eemo prilagoditi ton obrva tenu i boji kose, isti\u010du\u0107i oblik obrve.<\/p>\n\n\n\n<p class=\"has-text-color has-link-color has-superbfont-small-font-size wp-elements-546adfec9c2eaf575d65f5532b657ade\" style=\"color:#a59281\"><strong>Faza 4<\/strong>&nbsp;\u2013 nano\u0161enje regeneriraju\u0107e kreme koja zape\u010da\u0107uje rezultate liftinga te hidratizira i obnavlja strukturu dlake. Krema sadr\u017ei arganovo ulje, vitamine A, E i F.<\/p>\n\n\n\n<p class=\"has-text-color has-link-color has-superbfont-small-font-size wp-elements-38bbcabbd1dc340e512295c6a316af6b\" style=\"color:#a59281\"><strong>NJEGA OBRVA NAKON TRETMANA<\/strong><\/p>\n\n\n\n<p class=\"has-text-color has-link-color has-superbfont-small-font-size wp-elements-bbf7facce6d2dba41734058ec0cec05d\" style=\"color:#a59281\">Savjetujemo da se prva 24 sata nakon tretmana obrve ne peru vodom, niti se nanosi krema ili \u0161minka na dla\u010dice kako bi se osigurala dugotrajnost rezultata. Obrve je potrebno svaki dan po\u010de\u0161ljati po \u017eelji (uredan ili messy look). Svi preparati su hipoalergeni, dermatolo\u0161ki i oftalmolo\u0161ki ispitani.<\/p>\n\n\n\n<p class=\"has-text-color has-link-color has-superbfont-small-font-size wp-elements-bc74098d3b0b3545b39e74ddf7ba544c\" style=\"color:#a59281\"><strong>REZULTAT TRETMANA<\/strong><\/p>\n\n\n\n<p class=\"has-text-color has-link-color has-superbfont-small-font-size wp-elements-e59d0b748b7ff2d7072f56b919e913c3\" style=\"color:#a59281\">Obrve su vizualno punije, uredne i lijepo stilizirane te jednostavne za odr\u017eavanje. Dla\u010dice zadr\u017eavaju oblik od 4 do 6 tjedana.<\/p>\n\n\n\n<p class=\"has-text-color has-link-color has-superbfont-small-font-size wp-elements-a8f8e494800bccdf7e2c8682193b9fc9\" style=\"color:#a59281\"><strong>TRAJANJE TRETMANA:<\/strong>&nbsp;45 do 60 minuta, ovisno o tome radi li se bojanje obrva ili ne.<\/p>\n\n\n\n<p class=\"has-text-color has-link-color has-superbfont-small-font-size wp-elements-f63d7dca661361882aab9eea60a38cb4\" style=\"color:#a59281\"><strong>HD obrve- HIGH DEFINITION<\/strong>&#8211; tretman oblikovanja obrva koji uklju\u010duje bojanje obrva, mjerenje, \u010dupanje obrva voskom i koncem, te ure\u0111ivanje obrva gelom ili balzamom kao zavr\u0161ni korak. Ovaj tretman tako\u0111er uklju\u010duje i kratke konzultacije vezane za va\u0161e obrve. Ovisno o trenutnom stanju va\u0161ih obrva savjetujemo vas kako da ih njegujete, koje proizvode vrijedi isprobati i na koji na\u010din ih odr\u017eavati do slijede\u0107eg HD tretmana.<br>Tretman:<br>1. \u2060S obzirom da obrve nikada nisu identi\u010dne, mjerenjem pomo\u0107u \u0161estara dobivamo to da su obrve \u0161to sli\u010dnije, da su na istoj visini, iste du\u017eine i sli\u010dno. \u0160estar koristimo jer mjeri po pravilu zlatnog reza, kako bi dobili simetri\u010dnost koju \u017eelimo.<br>2.\u2060 \u2060Nadalje, obrve se skiciraju ru\u010dno sa olovkom, te oko dobivenog oblika uklanjamo vi\u0161ak dla\u010dica voskom u perlicama i koncem (threading).<br>3.\u2060 \u2060\u2060Bojanje posebnom bojom koju skidamo nakon nekoliko minuta.<\/p>\n\n\n\n<p class=\"has-text-color has-link-color has-superbfont-small-font-size wp-elements-0e1fab5b69ba752d412e6899488ef8b6\" style=\"color:#a59281\"><strong>HENNA\/KANA OBRVE<\/strong>&#8211; omogu\u0107avaju nam da obrve definiramo i oblikujemo te da sami efekt traje du\u017ee od klasi\u010dne boje ili olovke za obrve. Kana (lat.Cannae) je prirodna boja koja nastaje mljevenjem listova istoimene biljke. Kana se prima za ko\u017eu i dla\u010dice, pa postepeno gubi intenzitet. Kana na ko\u017ei traje do 4 tjedna, na dla\u010dicama ne\u0161to du\u017ee, tako da oblik koji napravimo sa kanom traje otprilike 6 tjedana, ovisno o tipu ko\u017ee. Jo\u0161 jedna divna prednost kane je to \u0161to je potpuno prirodna! Nema kemije, nema alergijskih reakcija \u2013 samo lijepe, dugotrajne obrve!<br>Tretman HENNA BROWS traje otprilike 45 minuta te uklju\u010duje prethodno ure\u0111ivanje obrva. Po dolasku na tretman obrve se mjere, ure\u0111uju voskom i koncem, pa popunjavaju sa kanom koja se dr\u017ei na obrvama 15-20 minuta. Na samim po\u010decima obrva kanu uklanjamo par minuta prije ostatka obrva, kako bi rezultat bio \u0161to prirodniji. Vla\u017enom blazinicom zatim uklanjamo i ostatak kane i obrve prelazimo njeguju\u0107im gelom ili balzamom.<\/p>\n\n\n\n<p class=\"has-text-color has-link-color has-superbfont-small-font-size wp-elements-3cc55893e83ba1e0efe38fd5bcade263\" style=\"color:#a59281\"><strong>Ukoliko imate alergije ili odre\u0111ena ko\u017ena stanja, bitno ih je napomenuti prije dolaska na tretman.<\/strong><\/p>\n\n\n\n<figure class=\"wp-block-gallery has-nested-images columns-default is-cropped wp-block-gallery-1 is-layout-flex wp-block-gallery-is-layout-flex\">\n<figure class=\"wp-block-image size-large\"><img loading=\"lazy\" decoding=\"async\" width=\"819\" height=\"1024\" data-id=\"322\" src=\"https:\/\/beautystudiolora.hr\/wp-content\/uploads\/2024\/07\/jhjhj-2-819x1024.jpeg\" alt=\"\" class=\"wp-image-322\" srcset=\"https:\/\/beautystudiolora.hr\/wp-content\/uploads\/2024\/07\/jhjhj-2-819x1024.jpeg 819w, https:\/\/beautystudiolora.hr\/wp-content\/uploads\/2024\/07\/jhjhj-2-240x300.jpeg 240w, https:\/\/beautystudiolora.hr\/wp-content\/uploads\/2024\/07\/jhjhj-2-768x960.jpeg 768w, https:\/\/beautystudiolora.hr\/wp-content\/uploads\/2024\/07\/jhjhj-2-1229x1536.jpeg 1229w, https:\/\/beautystudiolora.hr\/wp-content\/uploads\/2024\/07\/jhjhj-2.jpeg 1351w\" sizes=\"auto, (max-width: 819px) 100vw, 819px\" \/><\/figure>\n\n\n\n<figure class=\"wp-block-image size-large\"><img loading=\"lazy\" decoding=\"async\" width=\"1024\" height=\"1024\" data-id=\"351\" src=\"https:\/\/beautystudiolora.hr\/wp-content\/uploads\/2024\/07\/obrve-lash2-1024x1024.jpeg\" alt=\"\" class=\"wp-image-351\" srcset=\"https:\/\/beautystudiolora.hr\/wp-content\/uploads\/2024\/07\/obrve-lash2-1024x1024.jpeg 1024w, https:\/\/beautystudiolora.hr\/wp-content\/uploads\/2024\/07\/obrve-lash2-300x300.jpeg 300w, https:\/\/beautystudiolora.hr\/wp-content\/uploads\/2024\/07\/obrve-lash2-150x150.jpeg 150w, https:\/\/beautystudiolora.hr\/wp-content\/uploads\/2024\/07\/obrve-lash2-768x768.jpeg 768w, https:\/\/beautystudiolora.hr\/wp-content\/uploads\/2024\/07\/obrve-lash2.jpeg 1053w\" sizes=\"auto, (max-width: 1024px) 100vw, 1024px\" \/><\/figure>\n\n\n\n<figure class=\"wp-block-image size-large\"><img loading=\"lazy\" decoding=\"async\" width=\"819\" height=\"1024\" data-id=\"352\" src=\"https:\/\/beautystudiolora.hr\/wp-content\/uploads\/2024\/07\/lash3-819x1024.jpeg\" alt=\"\" class=\"wp-image-352\" srcset=\"https:\/\/beautystudiolora.hr\/wp-content\/uploads\/2024\/07\/lash3-819x1024.jpeg 819w, https:\/\/beautystudiolora.hr\/wp-content\/uploads\/2024\/07\/lash3-240x300.jpeg 240w, https:\/\/beautystudiolora.hr\/wp-content\/uploads\/2024\/07\/lash3-768x960.jpeg 768w, https:\/\/beautystudiolora.hr\/wp-content\/uploads\/2024\/07\/lash3-1229x1536.jpeg 1229w, https:\/\/beautystudiolora.hr\/wp-content\/uploads\/2024\/07\/lash3.jpeg 1351w\" sizes=\"auto, (max-width: 819px) 100vw, 819px\" \/><\/figure>\n\n\n\n<figure class=\"wp-block-image size-large\"><img loading=\"lazy\" decoding=\"async\" width=\"1024\" height=\"1024\" data-id=\"353\" src=\"https:\/\/beautystudiolora.hr\/wp-content\/uploads\/2024\/07\/obrvelash-1024x1024.jpeg\" alt=\"\" class=\"wp-image-353\" srcset=\"https:\/\/beautystudiolora.hr\/wp-content\/uploads\/2024\/07\/obrvelash-1024x1024.jpeg 1024w, https:\/\/beautystudiolora.hr\/wp-content\/uploads\/2024\/07\/obrvelash-300x300.jpeg 300w, https:\/\/beautystudiolora.hr\/wp-content\/uploads\/2024\/07\/obrvelash-150x150.jpeg 150w, https:\/\/beautystudiolora.hr\/wp-content\/uploads\/2024\/07\/obrvelash-768x768.jpeg 768w, https:\/\/beautystudiolora.hr\/wp-content\/uploads\/2024\/07\/obrvelash-1536x1536.jpeg 1536w, https:\/\/beautystudiolora.hr\/wp-content\/uploads\/2024\/07\/obrvelash.jpeg 1605w\" sizes=\"auto, (max-width: 1024px) 100vw, 1024px\" \/><\/figure>\n\n\n\n<figure class=\"wp-block-image size-large\"><img loading=\"lazy\" decoding=\"async\" width=\"819\" height=\"1024\" data-id=\"354\" src=\"https:\/\/beautystudiolora.hr\/wp-content\/uploads\/2024\/07\/obrvelash1-819x1024.jpeg\" alt=\"\" class=\"wp-image-354\" srcset=\"https:\/\/beautystudiolora.hr\/wp-content\/uploads\/2024\/07\/obrvelash1-819x1024.jpeg 819w, https:\/\/beautystudiolora.hr\/wp-content\/uploads\/2024\/07\/obrvelash1-240x300.jpeg 240w, https:\/\/beautystudiolora.hr\/wp-content\/uploads\/2024\/07\/obrvelash1-768x960.jpeg 768w, https:\/\/beautystudiolora.hr\/wp-content\/uploads\/2024\/07\/obrvelash1-1229x1536.jpeg 1229w, https:\/\/beautystudiolora.hr\/wp-content\/uploads\/2024\/07\/obrvelash1.jpeg 1362w\" sizes=\"auto, (max-width: 819px) 100vw, 819px\" \/><\/figure>\n<\/figure>\n","protected":false},"excerpt":{"rendered":"<p>U Beauty Centru Lora, nudimo \u0161irok izbor tretmana za stiliziranje obrva, uklju\u010duju\u0107i \u010dupanje koncem, voskom ili pincetom, te brow lift\/laminaciju\/podizanje obrva i bojanje. BROW LIFT Brow Lift, tako\u0111er poznat kao laminacija ili lifting obrva, tretman je stiliziranja prirodnih obrva tijekom kojeg se ne koriste igle niti trajna boja. Ovim tretmanom posti\u017ee se puno\u0107a i pove\u0107ava [&hellip;]<\/p>\n","protected":false},"author":1,"featured_media":0,"parent":45,"menu_order":0,"comment_status":"closed","ping_status":"closed","template":"","meta":{"ngg_post_thumbnail":0,"_joinchat":[],"footnotes":""},"class_list":["post-300","page","type-page","status-publish","hentry"],"_links":{"self":[{"href":"https:\/\/beautystudiolora.hr\/index.php\/wp-json\/wp\/v2\/pages\/300","targetHints":{"allow":["GET"]}}],"collection":[{"href":"https:\/\/beautystudiolora.hr\/index.php\/wp-json\/wp\/v2\/pages"}],"about":[{"href":"https:\/\/beautystudiolora.hr\/index.php\/wp-json\/wp\/v2\/types\/page"}],"author":[{"embeddable":true,"href":"https:\/\/beautystudiolora.hr\/index.php\/wp-json\/wp\/v2\/users\/1"}],"replies":[{"embeddable":true,"href":"https:\/\/beautystudiolora.hr\/index.php\/wp-json\/wp\/v2\/comments?post=300"}],"version-history":[{"count":7,"href":"https:\/\/beautystudiolora.hr\/index.php\/wp-json\/wp\/v2\/pages\/300\/revisions"}],"predecessor-version":[{"id":540,"href":"https:\/\/beautystudiolora.hr\/index.php\/wp-json\/wp\/v2\/pages\/300\/revisions\/540"}],"up":[{"embeddable":true,"href":"https:\/\/beautystudiolora.hr\/index.php\/wp-json\/wp\/v2\/pages\/45"}],"wp:attachment":[{"href":"https:\/\/beautystudiolora.hr\/index.php\/wp-json\/wp\/v2\/media?parent=300"}],"curies":[{"name":"wp","href":"https:\/\/api.w.org\/{rel}","templated":true}]}}