{"id":298,"date":"2024-07-08T09:21:57","date_gmt":"2024-07-08T09:21:57","guid":{"rendered":"https:\/\/beautystudiolora.hr\/?page_id=298"},"modified":"2024-08-07T07:57:12","modified_gmt":"2024-08-07T07:57:12","slug":"nokti-njega-ruku-i-stopala","status":"publish","type":"page","link":"https:\/\/beautystudiolora.hr\/index.php\/usluge\/nokti-njega-ruku-i-stopala\/","title":{"rendered":"NOKTI\/NJEGA RUKU I STOPALA"},"content":{"rendered":"\n<p class=\"has-text-color has-link-color has-superbfont-small-font-size wp-elements-be66ce62db57e77f67fe6a3f19e8a9ed\" style=\"color:#a59281\"><strong>Manikura u Beauty Centru Lora<\/strong><\/p>\n\n\n\n<p class=\"has-text-color has-link-color has-superbfont-small-font-size wp-elements-9fbeb825115fc4b8e69792f3ecf83821\" style=\"color:#a59281\">Ruke i nokti pokazatelji su koliko brinemo o sebi i kakav nam je stil \u017eivota. Manikirane, uredne i njegovane ruke uvijek se primijete, bilo da se radi o \u017eenama ili mu\u0161karcima. U dana\u0161nje vrijeme, uredne ruke i nokti imaju veliku va\u017enost jer su jedna od prvih stvari koje primijetimo na ljudima.<\/p>\n\n\n\n<p class=\"has-text-color has-link-color has-superbfont-small-font-size wp-elements-b9337edb532407e9e0095923435b1acc\" style=\"color:#a59281\"><strong>Manikura<\/strong><\/p>\n\n\n\n<p class=\"has-text-color has-link-color has-superbfont-small-font-size wp-elements-9d5f9cc3fb633a1456dbb81e9508ccf3\" style=\"color:#a59281\">Manikura uklju\u010duje pregled ruku i noktiju, oblikovanje i skra\u0107ivanje noktiju po potrebi, ure\u0111ivanje okolne ko\u017eice te nano\u0161enje njeguju\u0107e kreme. Manikura pobolj\u0161ava izgled i teksturu noktiju. Uz manikuru, mogu\u0107e je odabrati lakiranje trajnim lakom, ugradnju gradivnim trajnim lakom ili gelom.<\/p>\n\n\n\n<p class=\"has-text-color has-link-color has-superbfont-small-font-size wp-elements-22b28ba087389c82c4dcfce383bc9418\" style=\"color:#a59281\"><strong>Gradivni Trajni Lak<\/strong><\/p>\n\n\n\n<p class=\"has-text-color has-link-color has-superbfont-small-font-size wp-elements-20eefda31a8069bf4cf3051ff0c2b98a\" style=\"color:#a59281\">Gradivni trajni lak je novija tehnika oja\u010danja prirodnih noktiju, pogodna za sve tipove noktiju, pa \u010dak i one najkrhkije. Gradivna baza je fleksibilna, ne stvara dodatni teret prirodnom noktu, ja\u010da prirodne nokte i sprje\u010dava lomljenje ili istanjivanje, \u010dime prirodni nokat ostaje za\u0161ti\u0107en i mo\u017ee normalno i zdravo rasti. Ako grizete nokte, gradivna baza \u0107e vam pomo\u0107i da se rije\u0161ite te navike jer je nokat previ\u0161e tvrd da bi ga pregrizli.<\/p>\n\n\n\n<p class=\"has-text-color has-link-color has-superbfont-small-font-size wp-elements-5a31be5dcbca5c708e2de5f875e7f6d8\" style=\"color:#a59281\"><strong>Kako Izgleda Tretman?<\/strong><\/p>\n\n\n\n<p class=\"has-text-color has-link-color has-superbfont-small-font-size wp-elements-98962d4f9616b4865dc4ec4af6ed8e43\" style=\"color:#a59281\"><strong>Priprema noktiju<\/strong>: Uklanjamo zanoktice comby manikurom, poliramo i oblikujemo nokte u \u017eeljeni oblik. \u010cetkicom mi\u010demo pra\u0161inu s plo\u010de nokta i \u010distimo alkoholom.<\/p>\n\n\n\n<p class=\"has-text-color has-link-color has-superbfont-small-font-size wp-elements-b1789fdd4bfe677234c7cb6fe0d01bc5\" style=\"color:#a59281\"><strong>Baza<\/strong>: Nanosimo gradivni sloj nokat po nokat i polimeriziramo u LED lampi.<\/p>\n\n\n\n<p class=\"has-text-color has-link-color has-superbfont-small-font-size wp-elements-9848d97c97d40ef4f6ae01891b424341\" style=\"color:#a59281\"><strong>Zavr\u0161etak<\/strong>: Spremni smo za zavr\u0161ni premaz, nano\u0161enje boje ili ure\u0111enje noktiju. Zavr\u0161avamo s uljem za zanoktice i kremom za ruke.<\/p>\n\n\n\n<p class=\"has-text-color has-link-color has-superbfont-small-font-size wp-elements-ad85692bf1be42cfbeb3d85a79e27594\" style=\"color:#a59281\">\u2757\ufe0fDu\u017einu nokta nije mogu\u0107e produ\u017eiti gradivnim trajnim lakom.<\/p>\n\n\n\n<p class=\"has-text-color has-link-color has-superbfont-small-font-size wp-elements-9bdb1f723b799bc854f70840801f07bf\" style=\"color:#a59281\"><strong>Gel Nokti<\/strong><\/p>\n\n\n\n<p class=\"has-text-color has-link-color has-superbfont-small-font-size wp-elements-0a24dc5611231d267ed21ee3a6d33642\" style=\"color:#a59281\">Postoje dvije vrste tretmana gel noktima: geliranje noktiju i ugradnja, odnosno produljivanje du\u017eine nokta. Iako mnogi smatraju da su ovi postupci isti, postoji razlika. Geliranje noktiju funkcionira tako da se na nokat nanosi gel materijal koji se zatim su\u0161i pod UV lampom. Geliranje ne produljuje nokte, ve\u0107 stvara gornji sloj koji mo\u017eemo ukra\u0161avati, a ostaje sjajan i lijep nekoliko tjedana. Gelirani nokti mogu se lakirati u \u017eeljenu boju i traju 3-4 tjedna ili dok nokat ispod gela ne izraste, nakon \u010dega je potreban novi tretman.<\/p>\n\n\n\n<p class=\"has-text-color has-link-color has-superbfont-small-font-size wp-elements-2b18947496316b0decfaebfe3b31d832\" style=\"color:#a59281\">Ugradnja gel noktiju, odnosno produljivanje, radi se pomo\u0107u \u0161ablona &#8211; naljepnica koje se nakon o\u010dvr\u0161\u0107ivanja gela skidaju. Ovaj proces tako\u0111er traje 3-4 tjedna, nakon \u010dega je potrebno obnoviti nokte novim tretmanom. Osobama koje \u010desto imaju ruke u vodi ili sredstvima preporu\u010duje se \u0161to \u010de\u0161\u0107a obnova noktiju.<\/p>\n\n\n\n<figure class=\"wp-block-gallery has-nested-images columns-default is-cropped wp-block-gallery-1 is-layout-flex wp-block-gallery-is-layout-flex\">\n<figure class=\"wp-block-image size-large\"><img loading=\"lazy\" decoding=\"async\" width=\"1024\" height=\"851\" data-id=\"323\" src=\"https:\/\/beautystudiolora.hr\/wp-content\/uploads\/2024\/07\/Slika-zaslona-2024-07-08-u-12.34.28-1024x851.png\" alt=\"\" class=\"wp-image-323\" srcset=\"https:\/\/beautystudiolora.hr\/wp-content\/uploads\/2024\/07\/Slika-zaslona-2024-07-08-u-12.34.28-1024x851.png 1024w, https:\/\/beautystudiolora.hr\/wp-content\/uploads\/2024\/07\/Slika-zaslona-2024-07-08-u-12.34.28-300x249.png 300w, https:\/\/beautystudiolora.hr\/wp-content\/uploads\/2024\/07\/Slika-zaslona-2024-07-08-u-12.34.28-768x638.png 768w, https:\/\/beautystudiolora.hr\/wp-content\/uploads\/2024\/07\/Slika-zaslona-2024-07-08-u-12.34.28.png 1112w\" sizes=\"auto, (max-width: 1024px) 100vw, 1024px\" \/><\/figure>\n\n\n\n<figure class=\"wp-block-image size-large\"><img loading=\"lazy\" decoding=\"async\" width=\"768\" height=\"1024\" data-id=\"242\" src=\"https:\/\/beautystudiolora.hr\/wp-content\/uploads\/2024\/07\/Nokti--768x1024.jpg\" alt=\"\" class=\"wp-image-242\" srcset=\"https:\/\/beautystudiolora.hr\/wp-content\/uploads\/2024\/07\/Nokti--768x1024.jpg 768w, https:\/\/beautystudiolora.hr\/wp-content\/uploads\/2024\/07\/Nokti--225x300.jpg 225w, https:\/\/beautystudiolora.hr\/wp-content\/uploads\/2024\/07\/Nokti--1152x1536.jpg 1152w, https:\/\/beautystudiolora.hr\/wp-content\/uploads\/2024\/07\/Nokti--1536x2048.jpg 1536w, https:\/\/beautystudiolora.hr\/wp-content\/uploads\/2024\/07\/Nokti--scaled.jpg 1920w\" sizes=\"auto, (max-width: 768px) 100vw, 768px\" \/><\/figure>\n\n\n\n<figure class=\"wp-block-image size-large\"><img loading=\"lazy\" decoding=\"async\" width=\"951\" height=\"1024\" data-id=\"357\" src=\"https:\/\/beautystudiolora.hr\/wp-content\/uploads\/2024\/07\/nokti1-951x1024.jpeg\" alt=\"\" class=\"wp-image-357\" srcset=\"https:\/\/beautystudiolora.hr\/wp-content\/uploads\/2024\/07\/nokti1-951x1024.jpeg 951w, https:\/\/beautystudiolora.hr\/wp-content\/uploads\/2024\/07\/nokti1-279x300.jpeg 279w, https:\/\/beautystudiolora.hr\/wp-content\/uploads\/2024\/07\/nokti1-768x827.jpeg 768w, https:\/\/beautystudiolora.hr\/wp-content\/uploads\/2024\/07\/nokti1.jpeg 1259w\" sizes=\"auto, (max-width: 951px) 100vw, 951px\" \/><\/figure>\n\n\n\n<figure class=\"wp-block-image size-large\"><img loading=\"lazy\" decoding=\"async\" width=\"1016\" height=\"1024\" data-id=\"358\" src=\"https:\/\/beautystudiolora.hr\/wp-content\/uploads\/2024\/07\/nokti3-1016x1024.jpeg\" alt=\"\" class=\"wp-image-358\" srcset=\"https:\/\/beautystudiolora.hr\/wp-content\/uploads\/2024\/07\/nokti3-1016x1024.jpeg 1016w, https:\/\/beautystudiolora.hr\/wp-content\/uploads\/2024\/07\/nokti3-298x300.jpeg 298w, https:\/\/beautystudiolora.hr\/wp-content\/uploads\/2024\/07\/nokti3-150x150.jpeg 150w, https:\/\/beautystudiolora.hr\/wp-content\/uploads\/2024\/07\/nokti3-768x774.jpeg 768w, https:\/\/beautystudiolora.hr\/wp-content\/uploads\/2024\/07\/nokti3.jpeg 1440w\" sizes=\"auto, (max-width: 1016px) 100vw, 1016px\" \/><\/figure>\n\n\n\n<figure class=\"wp-block-image size-large\"><img loading=\"lazy\" decoding=\"async\" width=\"1024\" height=\"1024\" data-id=\"359\" src=\"https:\/\/beautystudiolora.hr\/wp-content\/uploads\/2024\/07\/nokti-2-1024x1024.jpeg\" alt=\"\" class=\"wp-image-359\" srcset=\"https:\/\/beautystudiolora.hr\/wp-content\/uploads\/2024\/07\/nokti-2-1024x1024.jpeg 1024w, https:\/\/beautystudiolora.hr\/wp-content\/uploads\/2024\/07\/nokti-2-300x300.jpeg 300w, https:\/\/beautystudiolora.hr\/wp-content\/uploads\/2024\/07\/nokti-2-150x150.jpeg 150w, https:\/\/beautystudiolora.hr\/wp-content\/uploads\/2024\/07\/nokti-2-768x768.jpeg 768w, https:\/\/beautystudiolora.hr\/wp-content\/uploads\/2024\/07\/nokti-2.jpeg 1440w\" sizes=\"auto, (max-width: 1024px) 100vw, 1024px\" \/><\/figure>\n<\/figure>\n\n\n\n<p class=\"has-text-color has-link-color has-superbfont-small-font-size wp-elements-057d97b1bfc34db4848af4f47d6e2d99\" style=\"color:#a59281\"><strong>Pedikura u Beauty Centru Lora<\/strong><\/p>\n\n\n\n<p class=\"has-text-color has-link-color has-superbfont-small-font-size wp-elements-c32409e70e884cf3666781ca13a8b82b\" style=\"color:#a59281\">Ure\u0111ivanje i njega stopala postala je potreba kako \u017eena, tako i mu\u0161karaca, jer su njegovana i uredna stopala znak cjelokupno njegovanog tijela. Noge i stopala su najoptere\u0107eniji dijelovi na\u0161eg tijela, a pedikura nam poma\u017ee u pravilnom dr\u017eanju, omogu\u0107avaju\u0107i ugodnije stajanje i hodanje. Kombinirana s pilingom, maskom i masa\u017eom stopala, pedikura ima umiruju\u0107i i relaksiraju\u0107i u\u010dinak.<\/p>\n\n\n\n<p class=\"has-text-color has-link-color has-superbfont-small-font-size wp-elements-54051e65977594af8c631c0087d782f2\" style=\"color:#a59281\">\u2757\ufe0f&nbsp;<strong>NAPOMENA<\/strong>&nbsp;U na\u0161em salonu ne radimo medicinsku pedikuru niti tretmane koji zahtijevaju upotrebu skalpela (\u017euljevi, natisci, kurje o\u010di, urasli nokti i infekcije).<\/p>\n\n\n\n<p class=\"has-text-color has-link-color has-superbfont-small-font-size wp-elements-ce9b8df9a67a19c80bf787a7764f430b\" style=\"color:#a59281\"><strong>Estetska Pedikura<\/strong><\/p>\n\n\n\n<p class=\"has-text-color has-link-color has-superbfont-small-font-size wp-elements-74be25ab5d4feef197a45024745c3584\" style=\"color:#a59281\">Estetska pedikura uklju\u010duje pregled stopala, skra\u0107ivanje i oblikovanje noktiju, odstranjivanje manjih nakupina zadebljane ko\u017ee oko noktiju, dezinfekciju i njegu hranjivom kremom. Preporu\u010dujemo ovu vrstu pedikure osobama koje imaju zdrava stopala bez natisaka, uraslih noktiju, kurjih o\u010diju i ispucale ko\u017ee.<\/p>\n\n\n\n<p class=\"has-text-color has-link-color has-superbfont-small-font-size wp-elements-aba4e4607aa58bde9cc9ef5fb9fd7d4f\" style=\"color:#a59281\"><strong>Spa Pedikura<\/strong><\/p>\n\n\n\n<p class=\"has-text-color has-link-color has-superbfont-small-font-size wp-elements-ecfdcecd012364fedefa29ee53d249b5\" style=\"color:#a59281\">Spa pedikura uklju\u010duje pregled stopala, uklanjanje zadebljanja ko\u017ee, skra\u0107ivanje i oblikovanje noktiju, ure\u0111ivanje stopala elektri\u010dnom ili ru\u010dnom ra\u0161pom, dezinfekciju, namakanje u vrhunskoj JELLY SPA kupki koja opu\u0161ta i osvje\u017eava \u010ditavo tijelo te uklanjanje odumrle ko\u017ee pilingom. Ovu vrstu pedikure preporu\u010dujemo osobama koje su ve\u0107inu dana u zatvorenim cipelama, cipelama na visoku petu, imaju problema sa suho\u0107om stopala ili osobama koje \u017eele svojim stopalima pru\u017eiti najbolju njegu.<\/p>\n\n\n\n<p class=\"has-text-color has-link-color has-superbfont-small-font-size wp-elements-ad219cd300b93d05750b3d76f08ff3c6\" style=\"color:#a59281\"><\/p>\n\n\n\n<p class=\"has-text-color has-link-color has-superbfont-small-font-size wp-elements-8ced8832ed8494fdbd720447d34811fb\" style=\"color:#a59281\"><strong>Ruska Pedikura <\/strong><\/p>\n\n\n\n<p class=\"has-text-color has-link-color has-superbfont-small-font-size wp-elements-c3b5fd0d2e155e1bed00112d79527c9e\" style=\"color:#a59281\">Ruska pedikura uklju\u010duje pregled i dezinfekciju stopala, skra\u0107ivanje i oblikovanje nokta, odstranjivanje nakupina ko\u017ee oko noktiju, uklanjanje zadebljanja, natisaka i ragada. Ruska pedikura odgovora svim klijentima. Dapa\u010de, klijenti je obo\u017eavaju jer je prvenstveno bezbolna, sigurna i dosta br\u017ea, dok su rezultati fantasti\u010dni i dugotrajni. Idealna je za one klijente koji se bore sa izrazito dubokim ragadama, raznim zadebljanjima na stoplaima te za one s izrazitom grubom ko\u017eom.<\/p>\n\n\n\n<p class=\"has-text-color has-link-color has-superbfont-small-font-size wp-elements-1f6faa78d3877e4a68eab08bdd1c6a92\" style=\"color:#a59281\"><strong>Uz pedikuru, mo\u017eete odabrati lakiranje trajnim lakom ili gradivnim trajnim lakom.<\/strong><\/p>\n\n\n\n<figure class=\"wp-block-gallery has-nested-images columns-default is-cropped wp-block-gallery-2 is-layout-flex wp-block-gallery-is-layout-flex\">\n<figure class=\"wp-block-image size-large\"><img loading=\"lazy\" decoding=\"async\" width=\"750\" height=\"744\" data-id=\"391\" src=\"https:\/\/beautystudiolora.hr\/wp-content\/uploads\/2024\/07\/PHOTO-2024-07-19-11-34-22.jpg\" alt=\"\" class=\"wp-image-391\" srcset=\"https:\/\/beautystudiolora.hr\/wp-content\/uploads\/2024\/07\/PHOTO-2024-07-19-11-34-22.jpg 750w, https:\/\/beautystudiolora.hr\/wp-content\/uploads\/2024\/07\/PHOTO-2024-07-19-11-34-22-300x298.jpg 300w, https:\/\/beautystudiolora.hr\/wp-content\/uploads\/2024\/07\/PHOTO-2024-07-19-11-34-22-150x150.jpg 150w\" sizes=\"auto, (max-width: 750px) 100vw, 750px\" \/><\/figure>\n\n\n\n<figure class=\"wp-block-image size-large\"><img loading=\"lazy\" decoding=\"async\" width=\"564\" height=\"751\" data-id=\"392\" src=\"https:\/\/beautystudiolora.hr\/wp-content\/uploads\/2024\/07\/PHOTO-2024-07-19-11-34-23.jpg\" alt=\"\" class=\"wp-image-392\" srcset=\"https:\/\/beautystudiolora.hr\/wp-content\/uploads\/2024\/07\/PHOTO-2024-07-19-11-34-23.jpg 564w, https:\/\/beautystudiolora.hr\/wp-content\/uploads\/2024\/07\/PHOTO-2024-07-19-11-34-23-225x300.jpg 225w\" sizes=\"auto, (max-width: 564px) 100vw, 564px\" \/><\/figure>\n\n\n\n<figure class=\"wp-block-image size-large\"><img loading=\"lazy\" decoding=\"async\" width=\"837\" height=\"1024\" data-id=\"393\" src=\"https:\/\/beautystudiolora.hr\/wp-content\/uploads\/2024\/07\/PHOTO-2024-07-19-11-34-40-837x1024.jpg\" alt=\"\" class=\"wp-image-393\" srcset=\"https:\/\/beautystudiolora.hr\/wp-content\/uploads\/2024\/07\/PHOTO-2024-07-19-11-34-40-837x1024.jpg 837w, https:\/\/beautystudiolora.hr\/wp-content\/uploads\/2024\/07\/PHOTO-2024-07-19-11-34-40-245x300.jpg 245w, https:\/\/beautystudiolora.hr\/wp-content\/uploads\/2024\/07\/PHOTO-2024-07-19-11-34-40-768x940.jpg 768w, https:\/\/beautystudiolora.hr\/wp-content\/uploads\/2024\/07\/PHOTO-2024-07-19-11-34-40.jpg 1179w\" sizes=\"auto, (max-width: 837px) 100vw, 837px\" \/><\/figure>\n\n\n\n<figure class=\"wp-block-image size-large\"><img loading=\"lazy\" decoding=\"async\" width=\"1024\" height=\"807\" data-id=\"394\" src=\"https:\/\/beautystudiolora.hr\/wp-content\/uploads\/2024\/07\/PHOTO-2024-07-19-11-34-49-2-1024x807.jpg\" alt=\"\" class=\"wp-image-394\" srcset=\"https:\/\/beautystudiolora.hr\/wp-content\/uploads\/2024\/07\/PHOTO-2024-07-19-11-34-49-2-1024x807.jpg 1024w, https:\/\/beautystudiolora.hr\/wp-content\/uploads\/2024\/07\/PHOTO-2024-07-19-11-34-49-2-300x236.jpg 300w, https:\/\/beautystudiolora.hr\/wp-content\/uploads\/2024\/07\/PHOTO-2024-07-19-11-34-49-2-768x605.jpg 768w, https:\/\/beautystudiolora.hr\/wp-content\/uploads\/2024\/07\/PHOTO-2024-07-19-11-34-49-2.jpg 1080w\" sizes=\"auto, (max-width: 1024px) 100vw, 1024px\" \/><\/figure>\n\n\n\n<figure class=\"wp-block-image size-large\"><img loading=\"lazy\" decoding=\"async\" width=\"797\" height=\"675\" data-id=\"395\" src=\"https:\/\/beautystudiolora.hr\/wp-content\/uploads\/2024\/07\/PHOTO-2024-07-19-11-34-49.jpg\" alt=\"\" class=\"wp-image-395\" srcset=\"https:\/\/beautystudiolora.hr\/wp-content\/uploads\/2024\/07\/PHOTO-2024-07-19-11-34-49.jpg 797w, https:\/\/beautystudiolora.hr\/wp-content\/uploads\/2024\/07\/PHOTO-2024-07-19-11-34-49-300x254.jpg 300w, https:\/\/beautystudiolora.hr\/wp-content\/uploads\/2024\/07\/PHOTO-2024-07-19-11-34-49-768x650.jpg 768w\" sizes=\"auto, (max-width: 797px) 100vw, 797px\" \/><\/figure>\n<\/figure>\n","protected":false},"excerpt":{"rendered":"<p>Manikura u Beauty Centru Lora Ruke i nokti pokazatelji su koliko brinemo o sebi i kakav nam je stil \u017eivota. Manikirane, uredne i njegovane ruke uvijek se primijete, bilo da se radi o \u017eenama ili mu\u0161karcima. U dana\u0161nje vrijeme, uredne ruke i nokti imaju veliku va\u017enost jer su jedna od prvih stvari koje primijetimo na [&hellip;]<\/p>\n","protected":false},"author":1,"featured_media":0,"parent":45,"menu_order":0,"comment_status":"closed","ping_status":"closed","template":"","meta":{"ngg_post_thumbnail":0,"_joinchat":[],"footnotes":""},"class_list":["post-298","page","type-page","status-publish","hentry"],"_links":{"self":[{"href":"https:\/\/beautystudiolora.hr\/index.php\/wp-json\/wp\/v2\/pages\/298","targetHints":{"allow":["GET"]}}],"collection":[{"href":"https:\/\/beautystudiolora.hr\/index.php\/wp-json\/wp\/v2\/pages"}],"about":[{"href":"https:\/\/beautystudiolora.hr\/index.php\/wp-json\/wp\/v2\/types\/page"}],"author":[{"embeddable":true,"href":"https:\/\/beautystudiolora.hr\/index.php\/wp-json\/wp\/v2\/users\/1"}],"replies":[{"embeddable":true,"href":"https:\/\/beautystudiolora.hr\/index.php\/wp-json\/wp\/v2\/comments?post=298"}],"version-history":[{"count":6,"href":"https:\/\/beautystudiolora.hr\/index.php\/wp-json\/wp\/v2\/pages\/298\/revisions"}],"predecessor-version":[{"id":532,"href":"https:\/\/beautystudiolora.hr\/index.php\/wp-json\/wp\/v2\/pages\/298\/revisions\/532"}],"up":[{"embeddable":true,"href":"https:\/\/beautystudiolora.hr\/index.php\/wp-json\/wp\/v2\/pages\/45"}],"wp:attachment":[{"href":"https:\/\/beautystudiolora.hr\/index.php\/wp-json\/wp\/v2\/media?parent=298"}],"curies":[{"name":"wp","href":"https:\/\/api.w.org\/{rel}","templated":true}]}}