{"id":296,"date":"2024-07-08T09:21:37","date_gmt":"2024-07-08T09:21:37","guid":{"rendered":"https:\/\/beautystudiolora.hr\/?page_id=296"},"modified":"2024-09-11T07:53:25","modified_gmt":"2024-09-11T07:53:25","slug":"lash-lift","status":"publish","type":"page","link":"https:\/\/beautystudiolora.hr\/index.php\/usluge\/lash-lift\/","title":{"rendered":"LASH LIFT"},"content":{"rendered":"\n<p class=\"has-text-color has-link-color has-superbfont-small-font-size wp-elements-5224113835f7176aa0b7f60d8495b504\" style=\"color:#a59281\">Lash lift je bezbolan keratinski tretman neagresivnog uvijanja i podizanja trepavica, idealan za \u017eene koje ne \u017eele ekstenzije, ali \u017eele posti\u0107i lijep i zavodljiv pogled. Ovaj tretman koristi visokokvalitetne materijale brenda InLei, a ve\u0107 nakon tri tretmana trepavice su dokazano gu\u0161\u0107e, uvijenije i du\u017ee.<\/p>\n\n\n\n<p class=\"has-text-color has-link-color has-superbfont-small-font-size wp-elements-dda03689a8b2b9ab88e2b93fec35bfbc\" style=\"color:#a59281\"><strong>Prednosti Lash Lift Tretmana<\/strong><\/p>\n\n\n\n<p class=\"has-text-color has-link-color has-superbfont-small-font-size wp-elements-eced1cabea5dc8d174efb0ca3478eb14\" style=\"color:#a59281\">Lash lift tretman podi\u017ee, uvija i daje definiciju va\u0161im trepavicama, koje nakon bojanja postaju tamnije i primjetnije. Rezultat traje od 6 do 8 tjedana, a ako imate dulje trepavice, mo\u017eda vam vi\u0161e ne\u0107e biti potrebna maskara.<\/p>\n\n\n\n<p class=\"has-text-color has-link-color has-superbfont-small-font-size wp-elements-3853d49d8a0a96ac765788a5ee16a59c\" style=\"color:#a59281\"><strong>Priprema za Lash Lift Tretman<\/strong><\/p>\n\n\n\n<p class=\"has-text-color has-link-color has-superbfont-small-font-size wp-elements-e18d5a023b75253194d1df543e608a49\" style=\"color:#a59281\">Prije dolaska na tretman, potrebno je do\u0107i s \u010distim trepavicama i bez kontaktnih le\u0107a kako bi se sprije\u010dila iritacija oka.<\/p>\n\n\n\n<p class=\"has-text-color has-link-color has-superbfont-small-font-size wp-elements-bea48e6367a5180603a11cd76b1be4e6\" style=\"color:#a59281\"><strong>Kako Izgleda Lash Lift Tretman?<\/strong><\/p>\n\n\n\n<p class=\"has-text-color has-link-color has-superbfont-small-font-size wp-elements-5f3c93528cfb9a72cf25d543acca13fe\" style=\"color:#a59281\"><strong>\u010ci\u0161\u0107enje Trepavica<\/strong>: Trepavice se prvo o\u010diste i odmaste.<\/p>\n\n\n\n<p class=\"has-text-color has-link-color has-superbfont-small-font-size wp-elements-86f7edb5c2ce69e8d64615c8f3b47590\" style=\"color:#a59281\"><strong>Za\u0161tita Donjih Trepavica<\/strong>: Lijepi se za\u0161tita na donje trepavice kako se ne bi krivo uvile.<\/p>\n\n\n\n<p class=\"has-text-color has-link-color has-superbfont-small-font-size wp-elements-6c48ff5222b7699e15947b7590a42ebc\" style=\"color:#a59281\"><strong>Silikonski Jastu\u010di\u0107<\/strong>: Na gornji kapak lijepi se silikonski \u201cjastu\u010di\u0107\u201d, a trepavice se premazuju nje\u017enim ljepilom koje je topivo u vodi.<\/p>\n\n\n\n<p class=\"has-text-color has-link-color has-superbfont-small-font-size wp-elements-d096f38d26b1bea62d7da035e106f0c6\" style=\"color:#a59281\"><strong>Uvijanje Trepavica<\/strong>:<\/p>\n\n\n\n<p class=\"has-text-color has-link-color has-superbfont-small-font-size wp-elements-ed9fa17281f66825d685fed0a6de2ae5\" style=\"color:#a59281\"><strong>Aktivator<\/strong>: Nanosi se preparat za uvijanje na korijen trepavica, koji se nakon nekog vremena uklanja vatenim \u0161tapi\u0107em.<\/p>\n\n\n\n<p class=\"has-text-color has-link-color has-superbfont-small-font-size wp-elements-bbcbab84097ec5df3676329daeee4257\" style=\"color:#a59281\"><strong>Fiksator<\/strong>: Zatim se stavlja drugi preparat koji fiksira trepavice.<\/p>\n\n\n\n<p class=\"has-text-color has-link-color has-superbfont-small-font-size wp-elements-97402301bfeebc6d63c90d313206359e\" style=\"color:#a59281\"><strong>Bojanje Trepavica<\/strong>: Trepavice se bojaju kako bi postale izra\u017eajnije. Boja se nanosi i na donje trepavice.<\/p>\n\n\n\n<p class=\"has-text-color has-link-color has-superbfont-small-font-size wp-elements-64c299df6f1ef427e13df6eba44129dc\" style=\"color:#a59281\"><strong>Zavr\u0161ni Korak<\/strong>: Nakon nekoliko minuta boja se o\u010disti, uklanja se gornji jastu\u010di\u0107, \u010diste se o\u010di od ostataka ljepila ili boje te se nanosi njeguju\u0107i preparat za trepavice s keratinom.<\/p>\n\n\n\n<p class=\"has-text-color has-link-color has-superbfont-small-font-size wp-elements-3e4166b8b1bbd20c55455822a0d0bea5\" style=\"color:#a59281\">Tretman traje oko 60 minuta.<\/p>\n\n\n\n<p class=\"has-text-color has-link-color has-superbfont-small-font-size wp-elements-e19932831c42a01c51a34a04f2fffcc8\" style=\"color:#a59281\"><strong>Kako se pona\u0161ati nakon tretmana?<\/strong><\/p>\n\n\n\n<p class=\"has-text-color has-link-color has-superbfont-small-font-size wp-elements-c45d79d0b8dc2692a1659f938d25ca9b\" style=\"color:#a59281\">24h nakon tretmana lash lifta tretirano podru\u010dje ne smije do\u0107i u kontakt s vodom ili parom. Nakon 24h mo\u017eete nanositi \u0161minku, ali imajte u vidu da bilo kakav proizvod na bazi ulja oslabljuje u\u010dinak tretmana, te \u0107e tretman (mo\u017eda) biti potrebno ponoviti ranije nego ina\u010de. <\/p>\n\n\n\n<figure class=\"wp-block-gallery has-nested-images columns-default is-cropped wp-block-gallery-1 is-layout-flex wp-block-gallery-is-layout-flex\">\n<figure class=\"wp-block-image size-large\"><img loading=\"lazy\" decoding=\"async\" width=\"1024\" height=\"1024\" data-id=\"365\" src=\"https:\/\/beautystudiolora.hr\/wp-content\/uploads\/2024\/07\/lashlift4-1024x1024.jpeg\" alt=\"\" class=\"wp-image-365\" srcset=\"https:\/\/beautystudiolora.hr\/wp-content\/uploads\/2024\/07\/lashlift4-1024x1024.jpeg 1024w, https:\/\/beautystudiolora.hr\/wp-content\/uploads\/2024\/07\/lashlift4-300x300.jpeg 300w, https:\/\/beautystudiolora.hr\/wp-content\/uploads\/2024\/07\/lashlift4-150x150.jpeg 150w, https:\/\/beautystudiolora.hr\/wp-content\/uploads\/2024\/07\/lashlift4-768x767.jpeg 768w, https:\/\/beautystudiolora.hr\/wp-content\/uploads\/2024\/07\/lashlift4.jpeg 1440w\" sizes=\"auto, (max-width: 1024px) 100vw, 1024px\" \/><\/figure>\n\n\n\n<figure class=\"wp-block-image size-large\"><img decoding=\"async\" data-id=\"233\" src=\"https:\/\/beautystudiolora.hr\/wp-content\/uploads\/2024\/07\/Lash-lift.heic\" alt=\"\" class=\"wp-image-233\"\/><\/figure>\n\n\n\n<figure class=\"wp-block-image size-large\"><img loading=\"lazy\" decoding=\"async\" width=\"1024\" height=\"1024\" data-id=\"364\" src=\"https:\/\/beautystudiolora.hr\/wp-content\/uploads\/2024\/07\/lashlift3-1024x1024.jpeg\" alt=\"\" class=\"wp-image-364\" srcset=\"https:\/\/beautystudiolora.hr\/wp-content\/uploads\/2024\/07\/lashlift3-1024x1024.jpeg 1024w, https:\/\/beautystudiolora.hr\/wp-content\/uploads\/2024\/07\/lashlift3-300x300.jpeg 300w, https:\/\/beautystudiolora.hr\/wp-content\/uploads\/2024\/07\/lashlift3-150x150.jpeg 150w, https:\/\/beautystudiolora.hr\/wp-content\/uploads\/2024\/07\/lashlift3-768x768.jpeg 768w, https:\/\/beautystudiolora.hr\/wp-content\/uploads\/2024\/07\/lashlift3.jpeg 1440w\" sizes=\"auto, (max-width: 1024px) 100vw, 1024px\" \/><\/figure>\n\n\n\n<figure class=\"wp-block-image size-full\"><img decoding=\"async\" data-id=\"234\" src=\"https:\/\/beautystudiolora.hr\/wp-content\/uploads\/2024\/07\/Lash-lift1.heic\" alt=\"\" class=\"wp-image-234\"\/><\/figure>\n<\/figure>\n","protected":false},"excerpt":{"rendered":"<p>Lash lift je bezbolan keratinski tretman neagresivnog uvijanja i podizanja trepavica, idealan za \u017eene koje ne \u017eele ekstenzije, ali \u017eele posti\u0107i lijep i zavodljiv pogled. Ovaj tretman koristi visokokvalitetne materijale brenda InLei, a ve\u0107 nakon tri tretmana trepavice su dokazano gu\u0161\u0107e, uvijenije i du\u017ee. Prednosti Lash Lift Tretmana Lash lift tretman podi\u017ee, uvija i daje [&hellip;]<\/p>\n","protected":false},"author":1,"featured_media":0,"parent":45,"menu_order":0,"comment_status":"closed","ping_status":"closed","template":"","meta":{"ngg_post_thumbnail":0,"_joinchat":[],"footnotes":""},"class_list":["post-296","page","type-page","status-publish","hentry"],"_links":{"self":[{"href":"https:\/\/beautystudiolora.hr\/index.php\/wp-json\/wp\/v2\/pages\/296","targetHints":{"allow":["GET"]}}],"collection":[{"href":"https:\/\/beautystudiolora.hr\/index.php\/wp-json\/wp\/v2\/pages"}],"about":[{"href":"https:\/\/beautystudiolora.hr\/index.php\/wp-json\/wp\/v2\/types\/page"}],"author":[{"embeddable":true,"href":"https:\/\/beautystudiolora.hr\/index.php\/wp-json\/wp\/v2\/users\/1"}],"replies":[{"embeddable":true,"href":"https:\/\/beautystudiolora.hr\/index.php\/wp-json\/wp\/v2\/comments?post=296"}],"version-history":[{"count":4,"href":"https:\/\/beautystudiolora.hr\/index.php\/wp-json\/wp\/v2\/pages\/296\/revisions"}],"predecessor-version":[{"id":538,"href":"https:\/\/beautystudiolora.hr\/index.php\/wp-json\/wp\/v2\/pages\/296\/revisions\/538"}],"up":[{"embeddable":true,"href":"https:\/\/beautystudiolora.hr\/index.php\/wp-json\/wp\/v2\/pages\/45"}],"wp:attachment":[{"href":"https:\/\/beautystudiolora.hr\/index.php\/wp-json\/wp\/v2\/media?parent=296"}],"curies":[{"name":"wp","href":"https:\/\/api.w.org\/{rel}","templated":true}]}}