{"id":294,"date":"2024-07-08T09:21:19","date_gmt":"2024-07-08T09:21:19","guid":{"rendered":"https:\/\/beautystudiolora.hr\/?page_id=294"},"modified":"2024-07-29T10:26:17","modified_gmt":"2024-07-29T10:26:17","slug":"ugradnja-trepavica","status":"publish","type":"page","link":"https:\/\/beautystudiolora.hr\/index.php\/usluge\/ugradnja-trepavica\/","title":{"rendered":"UGRADNJA TREPAVICA"},"content":{"rendered":"\n<p class=\"has-text-color has-link-color has-superbfont-small-font-size wp-elements-795f20b6f8aaf6109eba1b30df3155dc\" style=\"color:#a59281\">Ugradnja ekstenzija trepavica razlikuje se po gusto\u0107i, odnosno broju zalijepljenih ekstenzija na jednu prirodnu dlaku trepavice.<\/p>\n\n\n\n<p class=\"has-text-color has-link-color has-superbfont-small-font-size wp-elements-2dc76fa12ec9c3e256ab35fe6f361b24\" style=\"color:#a59281\"><strong>Individualne i Volumenske Trepavice<\/strong><\/p>\n\n\n\n<p class=\"has-text-color has-link-color has-superbfont-small-font-size wp-elements-464ef2d3ff44255d1582a830adcb5a61\" style=\"color:#a59281\">Beauty Studio Lora nudi dvije osnovne tehnike ugradnje ekstenzija: individualne i volumenske trepavice.<\/p>\n\n\n\n<p class=\"has-text-color has-link-color has-superbfont-small-font-size wp-elements-427ab5b3a9764b1edf55261eb605eacb\" style=\"color:#a59281\"><strong>Individualne Trepavice<\/strong>: Ako se lijepi jedna umjetna dlaka na jednu prirodnu dlaku, to nazivamo individualnom ugradnjom trepavica.<\/p>\n\n\n\n<p class=\"has-text-color has-link-color has-superbfont-small-font-size wp-elements-103eb696113d905599da5dc8408ca402\" style=\"color:#a59281\"><strong>Volumenske Trepavice<\/strong>: Ako se lijepi vi\u0161e umjetnih dlaka na jednu prirodnu trepavicu, to se naziva volumenskom ugradnjom trepavica.<\/p>\n\n\n\n<p class=\"has-text-color has-link-color has-superbfont-small-font-size wp-elements-a199b403826054352f36f449edb63041\" style=\"color:#a59281\"><strong>Razli\u010diti Efekti Volumenskih Trepavica<\/strong><\/p>\n\n\n\n<p class=\"has-text-color has-link-color has-superbfont-small-font-size wp-elements-81cfbe53ba457787bf90be769c422094\" style=\"color:#a59281\">Volumenske trepavice mogu izgledati nje\u017eno ili gusto, ovisno o broju ekstenzija:<\/p>\n\n\n\n<p class=\"has-text-color has-link-color has-superbfont-small-font-size wp-elements-25691f8ad6d8b1276f83d2d615dd1577\" style=\"color:#a59281\"><strong>Nje\u017eni Efekt<\/strong>: Posti\u017eemo lijepljenjem 2D ili 3D lepeza (2D = 2 umjetne dlake na jednu prirodnu, 3D = 3 umjetne dlake na jednu prirodnu).<\/p>\n\n\n\n<p class=\"has-text-color has-link-color has-superbfont-small-font-size wp-elements-918f023e4ab5d244d304318f86d75ef8\" style=\"color:#a59281\"><strong>Gusti Efekt<\/strong>: Posti\u017eemo lijepljenjem ve\u0107ih lepeza poput 4D i 5D.<\/p>\n\n\n\n<p class=\"has-text-color has-link-color has-superbfont-small-font-size wp-elements-6daa08ffbe4557bb12aa04420ac11ed8\" style=\"color:#a59281\"><strong>Savjeti za Stalne Klijente<\/strong><\/p>\n\n\n\n<p class=\"has-text-color has-link-color has-superbfont-small-font-size wp-elements-92ff4252dc8fb8389c48cb25640688d6\" style=\"color:#a59281\">Ako ste stalni klijent, molimo vas da se pridr\u017eavate zakazanih termina i danih uputa za odr\u017eavanje ekstenzija trepavica kako biste osigurali dugotrajne rezultate.<\/p>\n\n\n\n<p class=\"has-text-color has-link-color wp-elements-637372eb06232ab74e6b73095a57b03a\" style=\"color:#a59281;line-height:1.6\"><strong>KAKO PRAVILNO ODR\u017dAVATI TREPAVICE KOD KU\u0106E?<\/strong><br>1.\u2060 \u2060Po\u017eeljno je prva 24h nakon ugradnje\/korekcije ne izlagati trepavice vodi ili pari kako bi se ljepilo razvilo do kraja.<br>2.\u2060 \u2060Nakon 24h trepavice prati barem jednom dnevno (dva ako nosite jaku \u0161minku). Preporu\u010da se jutarnje pranje kako bi se oprao vi\u0161ak sluzi koji se nakupio tokom no\u0107i te kako bi se \u201cnamjestile\u201d za ostatak dana.<br>Trepavice se peru tako \u0161to pumpicu pjenice istisnemo na sam korijen trepavica te ju lagano umasiramo mekanom \u010detkicom. Kada smo dobro oprali korijen trepavica, pjenicu isperemo vodom, posu\u0161imo ih salvetom\/ru\u010dnikom tapkaju\u0107im pokretima i po\u010de\u0161ljamo.<br>TREPAVICE NE ISPADAJU BR\u017dE AKO SE \u010cESTO PERU. Pranjem trepavicama uvijek odr\u017eavano potrebnu vla\u017enost i sprije\u010davamo nakupljanje bakterija koje mogu izazvati ispadanje dlaka.<br>3.\u2060 \u2060Nipo\u0161to ne nanosite maskaru i ne uvijajte trepavice<br>4.\u2060 \u2060Uvijek nosite \u010de\u0161lji\u0107 sa sobom kako bi ih redovito mogle \u010de\u0161ljati i tako sprije\u010diti petljanje i \u010dupanje trepavica.<br>5.\u2060 \u2060Ne spavajte s glavom okrenutom u jastuk te \u0161to manje dirajte trepavice rukama.<br>6.\u2060 \u2060Redovito dolazite na korekcije. Nekome je sasvim dovoljno do\u0107i jednom mjese\u010dno dok netko treba korekciju svaka 2 tjedna. Ciklus rasta va\u0161ih trepavica je glavni \u010dimbenik koji odre\u0111uje koliko \u010desto je potrebno dolaziti na korekciju.<\/p>\n\n\n\n<figure class=\"wp-block-gallery has-nested-images columns-default is-cropped wp-block-gallery-1 is-layout-flex wp-block-gallery-is-layout-flex\">\n<figure class=\"wp-block-image size-large\"><img loading=\"lazy\" decoding=\"async\" width=\"1024\" height=\"886\" data-id=\"326\" src=\"https:\/\/beautystudiolora.hr\/wp-content\/uploads\/2024\/07\/Slika-zaslona-2024-07-08-u-12.45.37-1024x886.png\" alt=\"\" class=\"wp-image-326\" srcset=\"https:\/\/beautystudiolora.hr\/wp-content\/uploads\/2024\/07\/Slika-zaslona-2024-07-08-u-12.45.37-1024x886.png 1024w, https:\/\/beautystudiolora.hr\/wp-content\/uploads\/2024\/07\/Slika-zaslona-2024-07-08-u-12.45.37-300x260.png 300w, https:\/\/beautystudiolora.hr\/wp-content\/uploads\/2024\/07\/Slika-zaslona-2024-07-08-u-12.45.37-768x665.png 768w, https:\/\/beautystudiolora.hr\/wp-content\/uploads\/2024\/07\/Slika-zaslona-2024-07-08-u-12.45.37.png 1102w\" sizes=\"auto, (max-width: 1024px) 100vw, 1024px\" \/><\/figure>\n\n\n\n<figure class=\"wp-block-image size-large\"><img decoding=\"async\" data-id=\"231\" src=\"https:\/\/beautystudiolora.hr\/wp-content\/uploads\/2024\/07\/Ekstenzije-trepavica1-1.heic\" alt=\"\" class=\"wp-image-231\"\/><\/figure>\n\n\n\n<figure class=\"wp-block-image size-large\"><img decoding=\"async\" data-id=\"228\" src=\"https:\/\/beautystudiolora.hr\/wp-content\/uploads\/2024\/07\/Ekstenzije-trepavica-.heic\" alt=\"\" class=\"wp-image-228\"\/><\/figure>\n\n\n\n<figure class=\"wp-block-image size-large\"><img loading=\"lazy\" decoding=\"async\" width=\"1024\" height=\"1024\" data-id=\"401\" src=\"https:\/\/beautystudiolora.hr\/wp-content\/uploads\/2024\/07\/trepav5-1024x1024.jpeg\" alt=\"\" class=\"wp-image-401\" srcset=\"https:\/\/beautystudiolora.hr\/wp-content\/uploads\/2024\/07\/trepav5-1024x1024.jpeg 1024w, https:\/\/beautystudiolora.hr\/wp-content\/uploads\/2024\/07\/trepav5-300x300.jpeg 300w, https:\/\/beautystudiolora.hr\/wp-content\/uploads\/2024\/07\/trepav5-150x150.jpeg 150w, https:\/\/beautystudiolora.hr\/wp-content\/uploads\/2024\/07\/trepav5-768x768.jpeg 768w, https:\/\/beautystudiolora.hr\/wp-content\/uploads\/2024\/07\/trepav5.jpeg 1256w\" sizes=\"auto, (max-width: 1024px) 100vw, 1024px\" \/><\/figure>\n\n\n\n<figure class=\"wp-block-image size-large\"><img loading=\"lazy\" decoding=\"async\" width=\"891\" height=\"1024\" data-id=\"402\" src=\"https:\/\/beautystudiolora.hr\/wp-content\/uploads\/2024\/07\/trepavice4-891x1024.jpeg\" alt=\"\" class=\"wp-image-402\" srcset=\"https:\/\/beautystudiolora.hr\/wp-content\/uploads\/2024\/07\/trepavice4-891x1024.jpeg 891w, https:\/\/beautystudiolora.hr\/wp-content\/uploads\/2024\/07\/trepavice4-261x300.jpeg 261w, https:\/\/beautystudiolora.hr\/wp-content\/uploads\/2024\/07\/trepavice4-768x883.jpeg 768w, https:\/\/beautystudiolora.hr\/wp-content\/uploads\/2024\/07\/trepavice4.jpeg 1118w\" sizes=\"auto, (max-width: 891px) 100vw, 891px\" \/><\/figure>\n\n\n\n<figure class=\"wp-block-image size-large\"><img loading=\"lazy\" decoding=\"async\" width=\"960\" height=\"1024\" data-id=\"403\" src=\"https:\/\/beautystudiolora.hr\/wp-content\/uploads\/2024\/07\/trepavice-1-960x1024.jpeg\" alt=\"\" class=\"wp-image-403\" srcset=\"https:\/\/beautystudiolora.hr\/wp-content\/uploads\/2024\/07\/trepavice-1-960x1024.jpeg 960w, https:\/\/beautystudiolora.hr\/wp-content\/uploads\/2024\/07\/trepavice-1-281x300.jpeg 281w, https:\/\/beautystudiolora.hr\/wp-content\/uploads\/2024\/07\/trepavice-1-768x819.jpeg 768w, https:\/\/beautystudiolora.hr\/wp-content\/uploads\/2024\/07\/trepavice-1.jpeg 1440w\" sizes=\"auto, (max-width: 960px) 100vw, 960px\" \/><\/figure>\n<\/figure>\n","protected":false},"excerpt":{"rendered":"<p>Ugradnja ekstenzija trepavica razlikuje se po gusto\u0107i, odnosno broju zalijepljenih ekstenzija na jednu prirodnu dlaku trepavice. Individualne i Volumenske Trepavice Beauty Studio Lora nudi dvije osnovne tehnike ugradnje ekstenzija: individualne i volumenske trepavice. Individualne Trepavice: Ako se lijepi jedna umjetna dlaka na jednu prirodnu dlaku, to nazivamo individualnom ugradnjom trepavica. Volumenske Trepavice: Ako se lijepi [&hellip;]<\/p>\n","protected":false},"author":1,"featured_media":0,"parent":45,"menu_order":0,"comment_status":"closed","ping_status":"closed","template":"","meta":{"ngg_post_thumbnail":0,"_joinchat":[],"footnotes":""},"class_list":["post-294","page","type-page","status-publish","hentry"],"_links":{"self":[{"href":"https:\/\/beautystudiolora.hr\/index.php\/wp-json\/wp\/v2\/pages\/294","targetHints":{"allow":["GET"]}}],"collection":[{"href":"https:\/\/beautystudiolora.hr\/index.php\/wp-json\/wp\/v2\/pages"}],"about":[{"href":"https:\/\/beautystudiolora.hr\/index.php\/wp-json\/wp\/v2\/types\/page"}],"author":[{"embeddable":true,"href":"https:\/\/beautystudiolora.hr\/index.php\/wp-json\/wp\/v2\/users\/1"}],"replies":[{"embeddable":true,"href":"https:\/\/beautystudiolora.hr\/index.php\/wp-json\/wp\/v2\/comments?post=294"}],"version-history":[{"count":5,"href":"https:\/\/beautystudiolora.hr\/index.php\/wp-json\/wp\/v2\/pages\/294\/revisions"}],"predecessor-version":[{"id":525,"href":"https:\/\/beautystudiolora.hr\/index.php\/wp-json\/wp\/v2\/pages\/294\/revisions\/525"}],"up":[{"embeddable":true,"href":"https:\/\/beautystudiolora.hr\/index.php\/wp-json\/wp\/v2\/pages\/45"}],"wp:attachment":[{"href":"https:\/\/beautystudiolora.hr\/index.php\/wp-json\/wp\/v2\/media?parent=294"}],"curies":[{"name":"wp","href":"https:\/\/api.w.org\/{rel}","templated":true}]}}