{"id":292,"date":"2024-07-08T09:20:27","date_gmt":"2024-07-08T09:20:27","guid":{"rendered":"https:\/\/beautystudiolora.hr\/?page_id=292"},"modified":"2024-09-11T07:52:03","modified_gmt":"2024-09-11T07:52:03","slug":"terensko-sminkanje","status":"publish","type":"page","link":"https:\/\/beautystudiolora.hr\/index.php\/usluge\/terensko-sminkanje\/","title":{"rendered":"TERENSKO \u0160MINKANJE"},"content":{"rendered":"\n<p class=\"has-text-color has-link-color has-superbfont-small-font-size wp-elements-4962e279bda0d517893888a5e65e84fa\" style=\"color:#a59281\"><strong>Zakazivanje \u0161minkanja na terenu<\/strong><\/p>\n\n\n\n<p class=\"has-text-color has-link-color has-superbfont-small-font-size wp-elements-efb11f445306ee353d772ad98578acb3\" style=\"color:#a59281\">Ukoliko \u017eelite zakazati dolazak na adresu, molimo vas da uz osobne podatke napi\u0161ete datum i adresu \u0161minkanja.<\/p>\n\n\n\n<p class=\"has-text-color has-link-color has-superbfont-small-font-size wp-elements-ac81a8f9f54a9b5a047614c19f2d1afb\" style=\"color:#a59281\"><strong>Cijena izlaska na teren<\/strong><\/p>\n\n\n\n<p class=\"has-text-color has-link-color has-superbfont-small-font-size wp-elements-605465f76cf0c2f442a5fc1d05b58e40\" style=\"color:#a59281\">Izlazak na teren napla\u0107uje se 400\u20ac. U navedeni iznos ura\u010dunato je:<\/p>\n\n\n\n<p class=\"has-text-color has-link-color has-superbfont-small-font-size wp-elements-91fad0bd8c0a7ddc693b1a6382ec5b78\" style=\"color:#a59281\">6 termina \u0161minkanja (6 osoba ukupno 300\u20ac)<\/p>\n\n\n\n<p class=\"has-text-color has-link-color has-superbfont-small-font-size wp-elements-043206760d4cdcddd8e79fde1050b7ea\" style=\"color:#a59281\">Izlazak na teren u udaljenosti do 30 km od Trogira (100\u20ac)<\/p>\n\n\n\n<p class=\"has-text-color has-link-color has-superbfont-small-font-size wp-elements-48cd91de8afcc20f0e44801f032b0145\" style=\"color:#a59281\"><strong>Dodatni tro\u0161kovi<\/strong><\/p>\n\n\n\n<p class=\"has-text-color has-link-color has-superbfont-small-font-size wp-elements-5891adf70983efeb205e87d05384adbd\" style=\"color:#a59281\">U slu\u010daju ve\u0107e udaljenosti dodatno se napla\u0107uju tro\u0161kovi goriva. Neovisno o tome imate li svih 6 kandidata za \u0161minkanje, cijena je fiksna (za 6 ili manje od 6 \u0161minkanja). Svako dodatno \u0161minkanje napla\u0107uje se 50\u20ac po osobi.<\/p>\n\n\n\n<p class=\"has-text-color has-link-color has-superbfont-small-font-size wp-elements-1cc7b55b361d4eddb5129dfd25447a77\" style=\"color:#a59281\"><strong>Rezervacija termina<\/strong><\/p>\n\n\n\n<p class=\"has-text-color has-link-color has-superbfont-small-font-size wp-elements-e59d6716cd8561d297fa2e525f316019\" style=\"color:#a59281\">Pri rezervaciji termina \u0161minkanja potrebno je uplatiti akontaciju u iznosu od 100\u20ac.<\/p>\n\n\n\n<figure class=\"wp-block-gallery has-nested-images columns-default is-cropped wp-block-gallery-1 is-layout-flex wp-block-gallery-is-layout-flex\">\n<figure class=\"wp-block-image size-large\"><img loading=\"lazy\" decoding=\"async\" width=\"836\" height=\"958\" data-id=\"328\" src=\"https:\/\/beautystudiolora.hr\/wp-content\/uploads\/2024\/07\/Slika-zaslona-2024-07-08-u-12.50.02.png\" alt=\"\" class=\"wp-image-328\" srcset=\"https:\/\/beautystudiolora.hr\/wp-content\/uploads\/2024\/07\/Slika-zaslona-2024-07-08-u-12.50.02.png 836w, https:\/\/beautystudiolora.hr\/wp-content\/uploads\/2024\/07\/Slika-zaslona-2024-07-08-u-12.50.02-262x300.png 262w, https:\/\/beautystudiolora.hr\/wp-content\/uploads\/2024\/07\/Slika-zaslona-2024-07-08-u-12.50.02-768x880.png 768w\" sizes=\"auto, (max-width: 836px) 100vw, 836px\" \/><\/figure>\n\n\n\n<figure class=\"wp-block-image size-large\"><img loading=\"lazy\" decoding=\"async\" width=\"576\" height=\"1024\" data-id=\"240\" src=\"https:\/\/beautystudiolora.hr\/wp-content\/uploads\/2024\/07\/Makeup-edukacija1-576x1024.jpg\" alt=\"\" class=\"wp-image-240\" srcset=\"https:\/\/beautystudiolora.hr\/wp-content\/uploads\/2024\/07\/Makeup-edukacija1-576x1024.jpg 576w, https:\/\/beautystudiolora.hr\/wp-content\/uploads\/2024\/07\/Makeup-edukacija1-169x300.jpg 169w, https:\/\/beautystudiolora.hr\/wp-content\/uploads\/2024\/07\/Makeup-edukacija1-768x1365.jpg 768w, https:\/\/beautystudiolora.hr\/wp-content\/uploads\/2024\/07\/Makeup-edukacija1-864x1536.jpg 864w, https:\/\/beautystudiolora.hr\/wp-content\/uploads\/2024\/07\/Makeup-edukacija1-1152x2048.jpg 1152w, https:\/\/beautystudiolora.hr\/wp-content\/uploads\/2024\/07\/Makeup-edukacija1-scaled.jpg 1440w\" sizes=\"auto, (max-width: 576px) 100vw, 576px\" \/><\/figure>\n\n\n\n<figure class=\"wp-block-image size-large\"><img loading=\"lazy\" decoding=\"async\" width=\"683\" height=\"1024\" data-id=\"239\" src=\"https:\/\/beautystudiolora.hr\/wp-content\/uploads\/2024\/07\/Makeup-edukacija-683x1024.jpg\" alt=\"\" class=\"wp-image-239\" srcset=\"https:\/\/beautystudiolora.hr\/wp-content\/uploads\/2024\/07\/Makeup-edukacija-683x1024.jpg 683w, https:\/\/beautystudiolora.hr\/wp-content\/uploads\/2024\/07\/Makeup-edukacija-200x300.jpg 200w, https:\/\/beautystudiolora.hr\/wp-content\/uploads\/2024\/07\/Makeup-edukacija-768x1152.jpg 768w, https:\/\/beautystudiolora.hr\/wp-content\/uploads\/2024\/07\/Makeup-edukacija-1024x1536.jpg 1024w, https:\/\/beautystudiolora.hr\/wp-content\/uploads\/2024\/07\/Makeup-edukacija-1365x2048.jpg 1365w, https:\/\/beautystudiolora.hr\/wp-content\/uploads\/2024\/07\/Makeup-edukacija.jpg 1652w\" sizes=\"auto, (max-width: 683px) 100vw, 683px\" \/><\/figure>\n\n\n\n<figure class=\"wp-block-image size-large\"><img loading=\"lazy\" decoding=\"async\" width=\"576\" height=\"1024\" data-id=\"237\" src=\"https:\/\/beautystudiolora.hr\/wp-content\/uploads\/2024\/07\/Makeup-education-576x1024.jpg\" alt=\"\" class=\"wp-image-237\" srcset=\"https:\/\/beautystudiolora.hr\/wp-content\/uploads\/2024\/07\/Makeup-education-576x1024.jpg 576w, https:\/\/beautystudiolora.hr\/wp-content\/uploads\/2024\/07\/Makeup-education-169x300.jpg 169w, https:\/\/beautystudiolora.hr\/wp-content\/uploads\/2024\/07\/Makeup-education-768x1366.jpg 768w, https:\/\/beautystudiolora.hr\/wp-content\/uploads\/2024\/07\/Makeup-education-863x1536.jpg 863w, https:\/\/beautystudiolora.hr\/wp-content\/uploads\/2024\/07\/Makeup-education-1151x2048.jpg 1151w, https:\/\/beautystudiolora.hr\/wp-content\/uploads\/2024\/07\/Makeup-education.jpg 1376w\" sizes=\"auto, (max-width: 576px) 100vw, 576px\" \/><\/figure>\n\n\n\n<figure class=\"wp-block-image size-large\"><img loading=\"lazy\" decoding=\"async\" width=\"1024\" height=\"1024\" data-id=\"204\" src=\"https:\/\/beautystudiolora.hr\/wp-content\/uploads\/2024\/07\/sminkah-1-1024x1024.jpeg\" alt=\"\" class=\"wp-image-204\" srcset=\"https:\/\/beautystudiolora.hr\/wp-content\/uploads\/2024\/07\/sminkah-1-1024x1024.jpeg 1024w, https:\/\/beautystudiolora.hr\/wp-content\/uploads\/2024\/07\/sminkah-1-300x300.jpeg 300w, https:\/\/beautystudiolora.hr\/wp-content\/uploads\/2024\/07\/sminkah-1-150x150.jpeg 150w, https:\/\/beautystudiolora.hr\/wp-content\/uploads\/2024\/07\/sminkah-1-768x768.jpeg 768w, https:\/\/beautystudiolora.hr\/wp-content\/uploads\/2024\/07\/sminkah-1.jpeg 1440w\" sizes=\"auto, (max-width: 1024px) 100vw, 1024px\" \/><\/figure>\n<\/figure>\n","protected":false},"excerpt":{"rendered":"<p>Zakazivanje \u0161minkanja na terenu Ukoliko \u017eelite zakazati dolazak na adresu, molimo vas da uz osobne podatke napi\u0161ete datum i adresu \u0161minkanja. Cijena izlaska na teren Izlazak na teren napla\u0107uje se 400\u20ac. U navedeni iznos ura\u010dunato je: 6 termina \u0161minkanja (6 osoba ukupno 300\u20ac) Izlazak na teren u udaljenosti do 30 km od Trogira (100\u20ac) Dodatni [&hellip;]<\/p>\n","protected":false},"author":1,"featured_media":0,"parent":45,"menu_order":0,"comment_status":"closed","ping_status":"closed","template":"","meta":{"ngg_post_thumbnail":0,"_joinchat":[],"footnotes":""},"class_list":["post-292","page","type-page","status-publish","hentry"],"_links":{"self":[{"href":"https:\/\/beautystudiolora.hr\/index.php\/wp-json\/wp\/v2\/pages\/292","targetHints":{"allow":["GET"]}}],"collection":[{"href":"https:\/\/beautystudiolora.hr\/index.php\/wp-json\/wp\/v2\/pages"}],"about":[{"href":"https:\/\/beautystudiolora.hr\/index.php\/wp-json\/wp\/v2\/types\/page"}],"author":[{"embeddable":true,"href":"https:\/\/beautystudiolora.hr\/index.php\/wp-json\/wp\/v2\/users\/1"}],"replies":[{"embeddable":true,"href":"https:\/\/beautystudiolora.hr\/index.php\/wp-json\/wp\/v2\/comments?post=292"}],"version-history":[{"count":3,"href":"https:\/\/beautystudiolora.hr\/index.php\/wp-json\/wp\/v2\/pages\/292\/revisions"}],"predecessor-version":[{"id":537,"href":"https:\/\/beautystudiolora.hr\/index.php\/wp-json\/wp\/v2\/pages\/292\/revisions\/537"}],"up":[{"embeddable":true,"href":"https:\/\/beautystudiolora.hr\/index.php\/wp-json\/wp\/v2\/pages\/45"}],"wp:attachment":[{"href":"https:\/\/beautystudiolora.hr\/index.php\/wp-json\/wp\/v2\/media?parent=292"}],"curies":[{"name":"wp","href":"https:\/\/api.w.org\/{rel}","templated":true}]}}