{"id":290,"date":"2024-07-08T09:19:36","date_gmt":"2024-07-08T09:19:36","guid":{"rendered":"https:\/\/beautystudiolora.hr\/?page_id=290"},"modified":"2024-07-29T09:57:50","modified_gmt":"2024-07-29T09:57:50","slug":"makeup-sminkanje","status":"publish","type":"page","link":"https:\/\/beautystudiolora.hr\/index.php\/usluge\/makeup-sminkanje\/","title":{"rendered":"MAKEUP\/\u0160MINKANJE"},"content":{"rendered":"\n<p class=\"has-text-color has-link-color wp-elements-65bd559238d599626a821c9a10a0c2b1\" style=\"color:#a59281\"><strong>Zakazivanje Termina za \u0160minkanje<\/strong><\/p>\n\n\n\n<p class=\"has-text-color has-link-color has-superbfont-small-font-size wp-elements-770501b893529e6b732230d092d77f53\" style=\"color:#a59281\">Termin uklju\u010duje \u0161minkanje najkvalitetnijim proizvodima, sa ili bez ljepljenja umjetnih trepavica.<\/p>\n\n\n\n<p class=\"has-text-color has-link-color has-superbfont-small-font-size wp-elements-27d475ad9d6c55f17d6c10a41864e837\" style=\"color:#a59281\"><strong>Kako Zakazati Termin<\/strong><\/p>\n\n\n\n<p class=\"has-text-color has-link-color has-superbfont-small-font-size wp-elements-51b372e48e669487a8f7e6b9b959e9d4\" style=\"color:#a59281\">Ako \u017eelite zakazati termin za \u0161minkanje, molimo Vas da uz osobne podatke navedete datum i po\u017eeljno vrijeme termina. Vrijeme trajanja predvi\u0111eno za termin \u0161minkanja je 60 minuta.<\/p>\n\n\n\n<p class=\"has-text-color has-link-color has-superbfont-small-font-size wp-elements-82ee50b04d9ac415ffa40c79d34edeaa\" style=\"color:#a59281\"><strong>Priprema za Termin<\/strong><\/p>\n\n\n\n<ul style=\"color:#a59281\" class=\"wp-block-list has-text-color has-link-color has-fontsecondary-font-family has-superbfont-small-font-size wp-elements-d9c3983435176a52137f02fbefbadda1\">\n<li>Na \u0161minkanje je potrebno do\u0107i bez \u0161minke.<\/li>\n<\/ul>\n\n\n\n<ul style=\"color:#a59281\" class=\"wp-block-list has-text-color has-link-color has-fontsecondary-font-family has-superbfont-small-font-size wp-elements-c2d1fe466029cbb83c74878f76648832\">\n<li>Preporu\u010dujemo uklanjanje vi\u0161ka dla\u010dica s lica.<\/li>\n<\/ul>\n\n\n\n<ul style=\"color:#a59281\" class=\"wp-block-list has-text-color has-link-color has-fontsecondary-font-family has-superbfont-small-font-size wp-elements-babad446d2ea2b8b244d87d092fd6b2a\">\n<li>Napravite piling barem dva puta prije dolaska.<\/li>\n<\/ul>\n\n\n\n<ul style=\"color:#a59281\" class=\"wp-block-list has-text-color has-link-color has-fontsecondary-font-family has-superbfont-small-font-size wp-elements-9186887db0035e58014540d1426e7564\">\n<li>Dobro hidratizirajte lice.<\/li>\n<\/ul>\n\n\n\n<ul style=\"color:#a59281\" class=\"wp-block-list has-text-color has-link-color has-fontsecondary-font-family has-superbfont-small-font-size wp-elements-4943d3a1677dde2942757b3ab9359c89\">\n<li>Ako je mogu\u0107e, do\u0111ite u \u0161iroj odje\u0107i kako bismo mogli prilagoditi bazu prema vratu i dekolteu.<\/li>\n<\/ul>\n\n\n\n<p class=\"has-text-color has-link-color has-superbfont-small-font-size wp-elements-1f4394c15687055ad99be1b61b1bbec3\" style=\"color:#a59281\"><strong>Probno \u0160minkanje<\/strong><\/p>\n\n\n\n<p class=\"has-text-color has-link-color has-superbfont-small-font-size wp-elements-8b531ccda0e187bc4aa75567b265c882\" style=\"color:#a59281\">Probno \u0161minkanje napla\u0107uje se jednako kao i standardni termin. Cjelokupan izgled radi se s istom \u0161minkom, koli\u010dinom i vremenom koje zahtijeva jedno \u0161minkanje. Radi se kompletno \u0161minkanje kako bi osoba zaista mogla vidjeti kako \u0107e izgledati.<\/p>\n\n\n\n<p class=\"has-text-color has-link-color has-superbfont-small-font-size wp-elements-9134f775b073c0efefacb286aaeda184\" style=\"color:#a59281\"><strong>Rezervacija i Akontacija<\/strong><\/p>\n\n\n\n<p class=\"has-text-color has-link-color has-superbfont-small-font-size wp-elements-f1b05e816022d9db1f4305f889e18f6e\" style=\"color:#a59281\">Pri rezervaciji termina \u0161minkanja potrebno je uplatiti akontaciju u iznosu od 50% cijene navedene u cjeniku.<\/p>\n\n\n\n<figure class=\"wp-block-gallery has-nested-images columns-default is-cropped wp-block-gallery-1 is-layout-flex wp-block-gallery-is-layout-flex\">\n<figure class=\"wp-block-image size-large\"><img loading=\"lazy\" decoding=\"async\" width=\"952\" height=\"1024\" data-id=\"327\" src=\"https:\/\/beautystudiolora.hr\/wp-content\/uploads\/2024\/07\/Slika-zaslona-2024-07-08-u-12.47.45-952x1024.png\" alt=\"\" class=\"wp-image-327\" srcset=\"https:\/\/beautystudiolora.hr\/wp-content\/uploads\/2024\/07\/Slika-zaslona-2024-07-08-u-12.47.45-952x1024.png 952w, https:\/\/beautystudiolora.hr\/wp-content\/uploads\/2024\/07\/Slika-zaslona-2024-07-08-u-12.47.45-279x300.png 279w, https:\/\/beautystudiolora.hr\/wp-content\/uploads\/2024\/07\/Slika-zaslona-2024-07-08-u-12.47.45-768x826.png 768w, https:\/\/beautystudiolora.hr\/wp-content\/uploads\/2024\/07\/Slika-zaslona-2024-07-08-u-12.47.45.png 980w\" sizes=\"auto, (max-width: 952px) 100vw, 952px\" \/><\/figure>\n\n\n\n<figure class=\"wp-block-image size-large\"><img decoding=\"async\" data-id=\"222\" src=\"https:\/\/beautystudiolora.hr\/wp-content\/uploads\/2024\/07\/Client-makeup1.heic\" alt=\"\" class=\"wp-image-222\"\/><\/figure>\n\n\n\n<figure class=\"wp-block-image size-large\"><img loading=\"lazy\" decoding=\"async\" width=\"819\" height=\"1024\" data-id=\"197\" src=\"https:\/\/beautystudiolora.hr\/wp-content\/uploads\/2024\/07\/make-1-819x1024.jpeg\" alt=\"\" class=\"wp-image-197\" srcset=\"https:\/\/beautystudiolora.hr\/wp-content\/uploads\/2024\/07\/make-1-819x1024.jpeg 819w, https:\/\/beautystudiolora.hr\/wp-content\/uploads\/2024\/07\/make-1-240x300.jpeg 240w, https:\/\/beautystudiolora.hr\/wp-content\/uploads\/2024\/07\/make-1-768x960.jpeg 768w, https:\/\/beautystudiolora.hr\/wp-content\/uploads\/2024\/07\/make-1-1229x1536.jpeg 1229w, https:\/\/beautystudiolora.hr\/wp-content\/uploads\/2024\/07\/make-1.jpeg 1440w\" sizes=\"auto, (max-width: 819px) 100vw, 819px\" \/><\/figure>\n\n\n\n<figure class=\"wp-block-image size-large\"><img loading=\"lazy\" decoding=\"async\" width=\"819\" height=\"1024\" data-id=\"408\" src=\"https:\/\/beautystudiolora.hr\/wp-content\/uploads\/2024\/07\/makeup8-819x1024.jpeg\" alt=\"\" class=\"wp-image-408\" srcset=\"https:\/\/beautystudiolora.hr\/wp-content\/uploads\/2024\/07\/makeup8-819x1024.jpeg 819w, https:\/\/beautystudiolora.hr\/wp-content\/uploads\/2024\/07\/makeup8-240x300.jpeg 240w, https:\/\/beautystudiolora.hr\/wp-content\/uploads\/2024\/07\/makeup8-768x960.jpeg 768w, https:\/\/beautystudiolora.hr\/wp-content\/uploads\/2024\/07\/makeup8-1229x1536.jpeg 1229w, https:\/\/beautystudiolora.hr\/wp-content\/uploads\/2024\/07\/makeup8.jpeg 1440w\" sizes=\"auto, (max-width: 819px) 100vw, 819px\" \/><\/figure>\n\n\n\n<figure class=\"wp-block-image size-large\"><img loading=\"lazy\" decoding=\"async\" width=\"1024\" height=\"1024\" data-id=\"409\" src=\"https:\/\/beautystudiolora.hr\/wp-content\/uploads\/2024\/07\/mqkeup9-1024x1024.jpeg\" alt=\"\" class=\"wp-image-409\" srcset=\"https:\/\/beautystudiolora.hr\/wp-content\/uploads\/2024\/07\/mqkeup9-1024x1024.jpeg 1024w, https:\/\/beautystudiolora.hr\/wp-content\/uploads\/2024\/07\/mqkeup9-300x300.jpeg 300w, https:\/\/beautystudiolora.hr\/wp-content\/uploads\/2024\/07\/mqkeup9-150x150.jpeg 150w, https:\/\/beautystudiolora.hr\/wp-content\/uploads\/2024\/07\/mqkeup9-768x768.jpeg 768w, https:\/\/beautystudiolora.hr\/wp-content\/uploads\/2024\/07\/mqkeup9.jpeg 1440w\" sizes=\"auto, (max-width: 1024px) 100vw, 1024px\" \/><\/figure>\n\n\n\n<figure class=\"wp-block-image size-large\"><img loading=\"lazy\" decoding=\"async\" width=\"905\" height=\"1024\" data-id=\"410\" src=\"https:\/\/beautystudiolora.hr\/wp-content\/uploads\/2024\/07\/makyup6-905x1024.jpeg\" alt=\"\" class=\"wp-image-410\" srcset=\"https:\/\/beautystudiolora.hr\/wp-content\/uploads\/2024\/07\/makyup6-905x1024.jpeg 905w, https:\/\/beautystudiolora.hr\/wp-content\/uploads\/2024\/07\/makyup6-265x300.jpeg 265w, https:\/\/beautystudiolora.hr\/wp-content\/uploads\/2024\/07\/makyup6-768x869.jpeg 768w, https:\/\/beautystudiolora.hr\/wp-content\/uploads\/2024\/07\/makyup6-1357x1536.jpeg 1357w, https:\/\/beautystudiolora.hr\/wp-content\/uploads\/2024\/07\/makyup6.jpeg 1440w\" sizes=\"auto, (max-width: 905px) 100vw, 905px\" \/><\/figure>\n<\/figure>\n","protected":false},"excerpt":{"rendered":"<p>Zakazivanje Termina za \u0160minkanje Termin uklju\u010duje \u0161minkanje najkvalitetnijim proizvodima, sa ili bez ljepljenja umjetnih trepavica. Kako Zakazati Termin Ako \u017eelite zakazati termin za \u0161minkanje, molimo Vas da uz osobne podatke navedete datum i po\u017eeljno vrijeme termina. Vrijeme trajanja predvi\u0111eno za termin \u0161minkanja je 60 minuta. Priprema za Termin Probno \u0160minkanje Probno \u0161minkanje napla\u0107uje se jednako [&hellip;]<\/p>\n","protected":false},"author":1,"featured_media":0,"parent":45,"menu_order":0,"comment_status":"closed","ping_status":"closed","template":"","meta":{"ngg_post_thumbnail":0,"_joinchat":[],"footnotes":""},"class_list":["post-290","page","type-page","status-publish","hentry"],"_links":{"self":[{"href":"https:\/\/beautystudiolora.hr\/index.php\/wp-json\/wp\/v2\/pages\/290","targetHints":{"allow":["GET"]}}],"collection":[{"href":"https:\/\/beautystudiolora.hr\/index.php\/wp-json\/wp\/v2\/pages"}],"about":[{"href":"https:\/\/beautystudiolora.hr\/index.php\/wp-json\/wp\/v2\/types\/page"}],"author":[{"embeddable":true,"href":"https:\/\/beautystudiolora.hr\/index.php\/wp-json\/wp\/v2\/users\/1"}],"replies":[{"embeddable":true,"href":"https:\/\/beautystudiolora.hr\/index.php\/wp-json\/wp\/v2\/comments?post=290"}],"version-history":[{"count":5,"href":"https:\/\/beautystudiolora.hr\/index.php\/wp-json\/wp\/v2\/pages\/290\/revisions"}],"predecessor-version":[{"id":518,"href":"https:\/\/beautystudiolora.hr\/index.php\/wp-json\/wp\/v2\/pages\/290\/revisions\/518"}],"up":[{"embeddable":true,"href":"https:\/\/beautystudiolora.hr\/index.php\/wp-json\/wp\/v2\/pages\/45"}],"wp:attachment":[{"href":"https:\/\/beautystudiolora.hr\/index.php\/wp-json\/wp\/v2\/media?parent=290"}],"curies":[{"name":"wp","href":"https:\/\/api.w.org\/{rel}","templated":true}]}}