{"id":265,"date":"2024-07-04T08:32:29","date_gmt":"2024-07-04T08:32:29","guid":{"rendered":"https:\/\/beautystudiolora.hr\/?page_id=265"},"modified":"2024-09-11T08:06:54","modified_gmt":"2024-09-11T08:06:54","slug":"edukacije","status":"publish","type":"page","link":"https:\/\/beautystudiolora.hr\/index.php\/edukacije\/","title":{"rendered":"Edukacije"},"content":{"rendered":"\n<div class=\"wp-block-group alignfull is-layout-flow wp-block-group-is-layout-flow\">\n<div class=\"wp-block-group alignfull has-background-secondary-background-color has-background has-global-padding is-layout-constrained wp-container-core-group-is-layout-fff16f96 wp-block-group-is-layout-constrained\" style=\"padding-top:var(--wp--preset--spacing--superbspacing-xxlarge);padding-right:var(--wp--preset--spacing--superbspacing-small);padding-bottom:var(--wp--preset--spacing--superbspacing-xxlarge);padding-left:var(--wp--preset--spacing--superbspacing-small)\">\n<div class=\"wp-block-group alignwide has-global-padding is-layout-constrained wp-container-core-group-is-layout-aaf5fa99 wp-block-group-is-layout-constrained\">\n<p class=\"has-text-align-center has-secondary-color has-text-color has-superbfont-small-font-size\">Na\u0161e edukacije nude vi\u0161e od tehni\u010dkih vje\u0161tina; fokusirat \u0107emo se na va\u0161 osobni i profesionalni razvoj. Zajedno \u0107emo raditi na va\u0161im vje\u0161tinama, ja\u010danju samopouzdanja i prevladavanju barijera. Cilj je da svaki od vas otkrije i unaprijedi svoj jedinstveni stil, te izgradi uspje\u0161an brend u svijetu ljepote. Na\u0161e edukacije vam nose:<\/p>\n<\/div>\n\n\n\n<div class=\"wp-block-columns alignfull is-layout-flex wp-container-core-columns-is-layout-a3ac60a9 wp-block-columns-is-layout-flex\" style=\"border-radius:0px;padding-top:0;padding-right:0;padding-bottom:0;padding-left:0\">\n<div class=\"wp-block-column is-vertically-aligned-stretch is-layout-flow wp-container-core-column-is-layout-840fed6d wp-block-column-is-layout-flow\" style=\"padding-top:0;padding-right:0;padding-bottom:0;padding-left:0\">\n<div class=\"wp-block-group has-border-color has-mono-3-border-color has-background has-global-padding is-content-justification-left is-layout-constrained wp-container-core-group-is-layout-06299e82 wp-block-group-is-layout-constrained\" style=\"border-width:1px;border-radius:16px;background-color:#d5c1ae;padding-top:var(--wp--preset--spacing--superbspacing-xxsmall);padding-right:var(--wp--preset--spacing--superbspacing-small);padding-bottom:var(--wp--preset--spacing--superbspacing-xxsmall);padding-left:var(--wp--preset--spacing--superbspacing-small)\">\n<div class=\"wp-block-group has-global-padding is-content-justification-left is-layout-constrained wp-container-core-group-is-layout-12dd3699 wp-block-group-is-layout-constrained\">\n<p class=\"has-contrast-light-color has-text-color has-link-color wp-elements-09efc4071d34500031198089b8da4f66\">INDIVIDUALAN PRISTUP<\/p>\n<\/div>\n\n\n\n<p class=\"has-contrast-light-color has-text-color has-superbfont-small-font-size\">Kako bi se postigao individualni pristup prema svakom polazniku, prije po\u010detka edukacije provodi se detaljna analiza na temelju koje prilago\u0111avamo program edukacije.<\/p>\n\n\n\n<div class=\"wp-block-group is-vertical is-layout-flex wp-container-core-group-is-layout-fe9cc265 wp-block-group-is-layout-flex\"><\/div>\n<\/div>\n\n\n\n<div class=\"wp-block-group has-border-color has-mono-3-border-color has-background has-global-padding is-content-justification-left is-layout-constrained wp-container-core-group-is-layout-d71199d7 wp-block-group-is-layout-constrained\" style=\"border-width:1px;border-radius:16px;background-color:#d5c1ae;padding-top:var(--wp--preset--spacing--superbspacing-xsmall);padding-right:var(--wp--preset--spacing--superbspacing-xsmall);padding-bottom:var(--wp--preset--spacing--superbspacing-xsmall);padding-left:var(--wp--preset--spacing--superbspacing-xsmall)\">\n<div class=\"wp-block-group has-global-padding is-content-justification-left is-layout-constrained wp-container-core-group-is-layout-12dd3699 wp-block-group-is-layout-constrained\">\n<p class=\"has-contrast-light-color has-text-color has-link-color wp-elements-81f0a346d9ebfee2c36d80a19839c802\">PRAKTI\u010cNI RAD POPRA\u010cEN TEORIJSKIM SADR\u017dAJEM<\/p>\n<\/div>\n\n\n\n<p class=\"has-contrast-light-color has-text-color has-superbfont-small-font-size\">U svaki programu uklju\u010deni su:<\/p>\n\n\n\n<p class=\"has-contrast-light-color has-text-color has-link-color wp-elements-1a575fdd7acaa6851a43cc5a8f66c849\">gledanje mastera dok obavlja tretman kako bi dobili potpunu sliku o tome kako cijeli proces tretmana treba izgledati<\/p>\n\n\n\n<p class=\"has-contrast-light-color has-text-color has-link-color wp-elements-24dbe57461dd4e9c4a028ae6cc0a84be\">vje\u017ebanje na alatima namjenjenima za to<\/p>\n\n\n\n<p class=\"has-contrast-light-color has-text-color has-link-color wp-elements-35dcf3080b657e914d04111d07efd0df\">obavezan rad studenta na modelu uz nadzor edukatora<\/p>\n<\/div>\n<\/div>\n\n\n\n<div class=\"wp-block-column is-vertically-aligned-center is-layout-flow wp-container-core-column-is-layout-eef95d05 wp-block-column-is-layout-flow\" style=\"padding-top:0px;padding-right:0px;padding-bottom:0px;padding-left:0px\">\n<div class=\"wp-block-group has-border-color has-mono-3-border-color has-contrast-light-color has-text-color has-background has-link-color wp-elements-4df5e5bca1dbbf45c24376c4cfdbecc1 has-global-padding is-content-justification-left is-layout-constrained wp-container-core-group-is-layout-a844a75b wp-block-group-is-layout-constrained\" style=\"border-width:1px;border-radius:16px;background-color:#d5c1ae;margin-top:0;margin-bottom:0;padding-top:var(--wp--preset--spacing--superbspacing-xsmall);padding-right:var(--wp--preset--spacing--superbspacing-xsmall);padding-bottom:var(--wp--preset--spacing--superbspacing-xsmall);padding-left:var(--wp--preset--spacing--superbspacing-xsmall)\">\n<div class=\"wp-block-group has-global-padding is-content-justification-left is-layout-constrained wp-container-core-group-is-layout-12dd3699 wp-block-group-is-layout-constrained\">\n<p class=\"has-contrast-light-color has-text-color has-link-color wp-elements-0c06c4b59e2951523f4f7304aad33296\" style=\"font-size:clamp(14px, 0.875rem + ((1vw - 3.2px) * 0.227), 16px);\">TEORIJA<\/p>\n<\/div>\n\n\n\n<p class=\"has-contrast-light-color has-text-color has-superbfont-small-font-size\">Teorijski dio edukacije prolazit \u0107e se putem online kanala. U\u010denica prije dolaska na edukaciju prolazi online materijal koji \u0107e biti dostupan i nakon edukacije. Nakon odslu\u0161anog teorijskog dijela odr\u017eat \u0107e se zoom sastanak preko kojeg donosimo zaklju\u010dke teorijskog dijela te odgovaramo na sva pitanja i provodimo anketu nau\u010denog kako bi bili sigurni da je sadr\u017eaj usvojen.<\/p>\n<\/div>\n<\/div>\n\n\n\n<div class=\"wp-block-column is-vertically-aligned-center has-global-padding is-layout-constrained wp-container-core-column-is-layout-5ee6d167 wp-block-column-is-layout-constrained\" style=\"padding-top:5px;padding-right:0px;padding-bottom:5px;padding-left:0px\">\n<div class=\"wp-block-group has-border-color has-mono-3-border-color has-background has-global-padding is-content-justification-left is-layout-constrained wp-container-core-group-is-layout-d71199d7 wp-block-group-is-layout-constrained\" style=\"border-width:1px;border-radius:16px;background-color:#d5c1ae;padding-top:var(--wp--preset--spacing--superbspacing-xsmall);padding-right:var(--wp--preset--spacing--superbspacing-xsmall);padding-bottom:var(--wp--preset--spacing--superbspacing-xsmall);padding-left:var(--wp--preset--spacing--superbspacing-xsmall)\">\n<div class=\"wp-block-group has-global-padding is-content-justification-left is-layout-constrained wp-container-core-group-is-layout-12dd3699 wp-block-group-is-layout-constrained\">\n<p class=\"has-contrast-light-color has-text-color has-link-color wp-elements-3511f9e3a81b1eabe0b4e678fb750714\" style=\"font-size:clamp(14px, 0.875rem + ((1vw - 3.2px) * 0.227), 16px);\">MARKETING I FOTOGRAFIJA<\/p>\n<\/div>\n\n\n\n<p class=\"has-contrast-light-color has-text-color has-superbfont-small-font-size\">U svaku edukaciju (osim \u201cNA\u0160MINKAJ SE SAMA\u201d ) uklju\u010dena je prezentacija o marketingu, poslovanju i fotografiji u svrhu promocije<\/p>\n\n\n\n<div class=\"wp-block-group is-vertical is-layout-flex wp-container-core-group-is-layout-fe9cc265 wp-block-group-is-layout-flex\"><\/div>\n<\/div>\n\n\n\n<div class=\"wp-block-group has-border-color has-mono-3-border-color has-background has-global-padding is-content-justification-left is-layout-constrained wp-container-core-group-is-layout-d71199d7 wp-block-group-is-layout-constrained\" style=\"border-width:1px;border-radius:16px;background-color:#d5c1ae;padding-top:var(--wp--preset--spacing--superbspacing-xsmall);padding-right:var(--wp--preset--spacing--superbspacing-xsmall);padding-bottom:var(--wp--preset--spacing--superbspacing-xsmall);padding-left:var(--wp--preset--spacing--superbspacing-xsmall)\">\n<div class=\"wp-block-group has-global-padding is-content-justification-left is-layout-constrained wp-container-core-group-is-layout-12dd3699 wp-block-group-is-layout-constrained\">\n<p class=\"has-contrast-light-color has-text-color has-link-color wp-elements-ecca1c4694e36710bbd03163c41017b0\">PODR\u0160KA NAKON ZAVR\u0160ENE EDUKACIJE<\/p>\n<\/div>\n\n\n\n<p class=\"has-contrast-light-color has-text-color has-superbfont-small-font-size\">Svakoj polaznici omogu\u0107eni su pomo\u0107 i podr\u0161ka 12 mjeseci nakon edukacije. Svaka polaznica \u0107e biti uklju\u010dena u Whatsapp grupu sa drugim polaznicima gdje mogu razmjenjivati iskustva i pitati sva pitanja na koje ja odgovaram za svih 12 mjeseci.<\/p>\n<\/div>\n<\/div>\n<\/div>\n<\/div>\n\n\n\n<div class=\"wp-block-columns is-layout-flex wp-container-core-columns-is-layout-28f84493 wp-block-columns-is-layout-flex\">\n<div class=\"wp-block-column is-layout-flow wp-block-column-is-layout-flow\">\n<div class=\"wp-block-columns is-layout-flex wp-container-core-columns-is-layout-28f84493 wp-block-columns-is-layout-flex\">\n<div class=\"wp-block-column is-layout-flow wp-block-column-is-layout-flow\">\n<figure class=\"wp-block-image size-large has-custom-border is-style-rounded\"><a href=\"https:\/\/beautystudiolora.hr\/index.php\/edukacije\/edukacija-sminkanje\/\"><img loading=\"lazy\" decoding=\"async\" width=\"1024\" height=\"1024\" src=\"https:\/\/beautystudiolora.hr\/wp-content\/uploads\/2024\/07\/1-1024x1024.png\" alt=\"\" class=\"wp-image-447\" style=\"border-width:7px;box-shadow:var(--wp--preset--shadow--natural)\" srcset=\"https:\/\/beautystudiolora.hr\/wp-content\/uploads\/2024\/07\/1-1024x1024.png 1024w, https:\/\/beautystudiolora.hr\/wp-content\/uploads\/2024\/07\/1-300x300.png 300w, https:\/\/beautystudiolora.hr\/wp-content\/uploads\/2024\/07\/1-150x150.png 150w, https:\/\/beautystudiolora.hr\/wp-content\/uploads\/2024\/07\/1-768x768.png 768w, https:\/\/beautystudiolora.hr\/wp-content\/uploads\/2024\/07\/1.png 1080w\" sizes=\"auto, (max-width: 1024px) 100vw, 1024px\" \/><\/a><\/figure>\n<\/div>\n<\/div>\n<\/div>\n\n\n\n<div class=\"wp-block-column is-layout-flow wp-block-column-is-layout-flow\">\n<figure class=\"wp-block-image size-large has-custom-border is-style-rounded\"><a href=\"https:\/\/beautystudiolora.hr\/index.php\/edukacije\/edukacija-trepavice\/\"><img loading=\"lazy\" decoding=\"async\" width=\"1024\" height=\"1024\" src=\"https:\/\/beautystudiolora.hr\/wp-content\/uploads\/2024\/07\/2-1024x1024.png\" alt=\"\" class=\"wp-image-448\" style=\"border-width:7px;box-shadow:var(--wp--preset--shadow--natural)\" srcset=\"https:\/\/beautystudiolora.hr\/wp-content\/uploads\/2024\/07\/2-1024x1024.png 1024w, https:\/\/beautystudiolora.hr\/wp-content\/uploads\/2024\/07\/2-300x300.png 300w, https:\/\/beautystudiolora.hr\/wp-content\/uploads\/2024\/07\/2-150x150.png 150w, https:\/\/beautystudiolora.hr\/wp-content\/uploads\/2024\/07\/2-768x768.png 768w, https:\/\/beautystudiolora.hr\/wp-content\/uploads\/2024\/07\/2.png 1080w\" sizes=\"auto, (max-width: 1024px) 100vw, 1024px\" \/><\/a><\/figure>\n<\/div>\n\n\n\n<div class=\"wp-block-column is-layout-flow wp-block-column-is-layout-flow\">\n<figure class=\"wp-block-image size-large has-custom-border is-style-rounded\"><a href=\"https:\/\/beautystudiolora.hr\/index.php\/edukacije\/edukacija-obrve\/\"><img loading=\"lazy\" decoding=\"async\" width=\"1024\" height=\"1024\" src=\"https:\/\/beautystudiolora.hr\/wp-content\/uploads\/2024\/07\/7-1024x1024.png\" alt=\"\" class=\"wp-image-449\" style=\"border-width:7px\" srcset=\"https:\/\/beautystudiolora.hr\/wp-content\/uploads\/2024\/07\/7-1024x1024.png 1024w, https:\/\/beautystudiolora.hr\/wp-content\/uploads\/2024\/07\/7-300x300.png 300w, https:\/\/beautystudiolora.hr\/wp-content\/uploads\/2024\/07\/7-150x150.png 150w, https:\/\/beautystudiolora.hr\/wp-content\/uploads\/2024\/07\/7-768x768.png 768w, https:\/\/beautystudiolora.hr\/wp-content\/uploads\/2024\/07\/7.png 1080w\" sizes=\"auto, (max-width: 1024px) 100vw, 1024px\" \/><\/a><\/figure>\n<\/div>\n<\/div>\n<\/div>\n","protected":false},"excerpt":{"rendered":"<p>Na\u0161e edukacije nude vi\u0161e od tehni\u010dkih vje\u0161tina; fokusirat \u0107emo se na va\u0161 osobni i profesionalni razvoj. Zajedno \u0107emo raditi na va\u0161im vje\u0161tinama, ja\u010danju samopouzdanja i prevladavanju barijera. Cilj je da svaki od vas otkrije i unaprijedi svoj jedinstveni stil, te izgradi uspje\u0161an brend u svijetu ljepote. Na\u0161e edukacije vam nose: INDIVIDUALAN PRISTUP Kako bi se [&hellip;]<\/p>\n","protected":false},"author":1,"featured_media":0,"parent":0,"menu_order":0,"comment_status":"closed","ping_status":"closed","template":"","meta":{"ngg_post_thumbnail":0,"_joinchat":[],"footnotes":""},"class_list":["post-265","page","type-page","status-publish","hentry"],"_links":{"self":[{"href":"https:\/\/beautystudiolora.hr\/index.php\/wp-json\/wp\/v2\/pages\/265","targetHints":{"allow":["GET"]}}],"collection":[{"href":"https:\/\/beautystudiolora.hr\/index.php\/wp-json\/wp\/v2\/pages"}],"about":[{"href":"https:\/\/beautystudiolora.hr\/index.php\/wp-json\/wp\/v2\/types\/page"}],"author":[{"embeddable":true,"href":"https:\/\/beautystudiolora.hr\/index.php\/wp-json\/wp\/v2\/users\/1"}],"replies":[{"embeddable":true,"href":"https:\/\/beautystudiolora.hr\/index.php\/wp-json\/wp\/v2\/comments?post=265"}],"version-history":[{"count":10,"href":"https:\/\/beautystudiolora.hr\/index.php\/wp-json\/wp\/v2\/pages\/265\/revisions"}],"predecessor-version":[{"id":545,"href":"https:\/\/beautystudiolora.hr\/index.php\/wp-json\/wp\/v2\/pages\/265\/revisions\/545"}],"wp:attachment":[{"href":"https:\/\/beautystudiolora.hr\/index.php\/wp-json\/wp\/v2\/media?parent=265"}],"curies":[{"name":"wp","href":"https:\/\/api.w.org\/{rel}","templated":true}]}}